{"id":383,"date":"2020-01-10T18:45:37","date_gmt":"2020-01-10T17:45:37","guid":{"rendered":"http:\/\/www.leimueller-silvesterlauf.at\/?page_id=383"},"modified":"2020-01-10T18:45:37","modified_gmt":"2020-01-10T17:45:37","slug":"bruttozeitnehmung","status":"publish","type":"page","link":"http:\/\/www.leimueller-silvesterlauf.at\/?page_id=383","title":{"rendered":"Bruttozeitnehmung"},"content":{"rendered":"\n<p>Immer wieder f\u00fcr Diskussion sorgen die Brutto- und Nettozeiten. Bruttozeit ist die tats\u00e4chliche Wettkampfzeit, also ist die Zeit vom Startschu\u00df bis zum individuellen \u00dcberlaufen der Ziellinie. Nach den internationalen Leichtathletik-Regeln ist nur die Bruttozeit die offizielle Zeit.<\/p>\n\n\n\n<p>Die Platzierungen und Siegerehrungen richten sich ausschlie\u00dflich nach den BRUTTOZEITEN. Wenn man die Nettozeit zur Auswertung heranziehen w\u00fcrde, k\u00f6nnte es passieren, dass ein Sportler aus den hinteren Startreihen eine schnellere Laufzeit erzielt, aber nicht als Erster \u00fcber die Ziellinie l\u00e4uft. Dies w\u00fcrde zu erheblichen Verwirrungen bei den Zuschauern, Sportlern und der Presse f\u00fchren. Der Erste auf der Ziellinie sollte auch der Sieger sein und entsprechend gefeiert werden.<\/p>\n\n\n\n<p>Daher, SIEGER\/IN ist die Person, die als erste\/r das Ziel erreicht, niemand anders!<\/p>\n\n\n\n<p>Unabh\u00e4ngig davon gilt das auch f\u00fcr jeden Einzell\u00e4ufer und f\u00fcr alle Altersklassensieger.<\/p>\n\n\n\n<p>Die Ausgabe der Nettozeit (der Zeit zwischen dem \u00dcberlaufen der Startlinie und der Ziellinie) ist eine Beigabe.<\/p>\n","protected":false},"excerpt":{"rendered":"<p>Immer wieder f\u00fcr Diskussion sorgen die Brutto- und Nettozeiten. Bruttozeit ist die tats\u00e4chliche Wettkampfzeit, also ist die Zeit vom Startschu\u00df bis zum individuellen \u00dcberlaufen der Ziellinie. Nach den internationalen Leichtathletik-Regeln ist nur die Bruttozeit die offizielle Zeit. Die Platzierungen und Siegerehrungen richten sich ausschlie\u00dflich nach den BRUTTOZEITEN. Wenn man die Nettozeit zur Auswertung heranziehen w\u00fcrde, [&hellip;]<\/p>\n","protected":false},"author":1,"featured_media":0,"parent":0,"menu_order":0,"comment_status":"closed","ping_status":"closed","template":"","meta":{"footnotes":""},"class_list":["post-383","page","type-page","status-publish","hentry"],"yoast_head":"<!-- This site is optimized with the Yoast SEO plugin v19.13 - https:\/\/yoast.com\/wordpress\/plugins\/seo\/ -->\n<title>Bruttozeitnehmung - Leim\u00fcller Silvesterlauf<\/title>\n<meta name=\"robots\" content=\"index, follow, max-snippet:-1, max-image-preview:large, max-video-preview:-1\" \/>\n<link rel=\"canonical\" href=\"http:\/\/www.leimueller-silvesterlauf.at\/?page_id=383\" \/>\n<meta property=\"og:locale\" content=\"de_DE\" \/>\n<meta property=\"og:type\" content=\"article\" \/>\n<meta property=\"og:title\" content=\"Bruttozeitnehmung - Leim\u00fcller Silvesterlauf\" \/>\n<meta property=\"og:description\" content=\"Immer wieder f\u00fcr Diskussion sorgen die Brutto- und Nettozeiten. Bruttozeit ist die tats\u00e4chliche Wettkampfzeit, also ist die Zeit vom Startschu\u00df bis zum individuellen \u00dcberlaufen der Ziellinie. Nach den internationalen Leichtathletik-Regeln ist nur die Bruttozeit die offizielle Zeit. Die Platzierungen und Siegerehrungen richten sich ausschlie\u00dflich nach den BRUTTOZEITEN. Wenn man die Nettozeit zur Auswertung heranziehen w\u00fcrde, [&hellip;]\" \/>\n<meta property=\"og:url\" content=\"http:\/\/www.leimueller-silvesterlauf.at\/?page_id=383\" \/>\n<meta property=\"og:site_name\" content=\"Leim\u00fcller Silvesterlauf\" \/>\n<meta name=\"twitter:card\" content=\"summary_large_image\" \/>\n<meta name=\"twitter:label1\" content=\"Gesch\u00e4tzte Lesezeit\" \/>\n\t<meta name=\"twitter:data1\" content=\"1\u00a0Minute\" \/>\n<script type=\"application\/ld+json\" class=\"yoast-schema-graph\">{\"@context\":\"https:\/\/schema.org\",\"@graph\":[{\"@type\":\"WebPage\",\"@id\":\"http:\/\/www.leimueller-silvesterlauf.at\/?page_id=383\",\"url\":\"http:\/\/www.leimueller-silvesterlauf.at\/?page_id=383\",\"name\":\"Bruttozeitnehmung - Leim\u00fcller Silvesterlauf\",\"isPartOf\":{\"@id\":\"https:\/\/www.leimueller-silvesterlauf.at\/#website\"},\"datePublished\":\"2020-01-10T17:45:37+00:00\",\"dateModified\":\"2020-01-10T17:45:37+00:00\",\"breadcrumb\":{\"@id\":\"http:\/\/www.leimueller-silvesterlauf.at\/?page_id=383#breadcrumb\"},\"inLanguage\":\"de\",\"potentialAction\":[{\"@type\":\"ReadAction\",\"target\":[\"http:\/\/www.leimueller-silvesterlauf.at\/?page_id=383\"]}]},{\"@type\":\"BreadcrumbList\",\"@id\":\"http:\/\/www.leimueller-silvesterlauf.at\/?page_id=383#breadcrumb\",\"itemListElement\":[{\"@type\":\"ListItem\",\"position\":1,\"name\":\"Startseite\",\"item\":\"https:\/\/www.leimueller-silvesterlauf.at\/\"},{\"@type\":\"ListItem\",\"position\":2,\"name\":\"Bruttozeitnehmung\"}]},{\"@type\":\"WebSite\",\"@id\":\"https:\/\/www.leimueller-silvesterlauf.at\/#website\",\"url\":\"https:\/\/www.leimueller-silvesterlauf.at\/\",\"name\":\"Leim\u00fcller Silvesterlauf\",\"description\":\"in Seekirchen am Wallersee\",\"publisher\":{\"@id\":\"https:\/\/www.leimueller-silvesterlauf.at\/#organization\"},\"potentialAction\":[{\"@type\":\"SearchAction\",\"target\":{\"@type\":\"EntryPoint\",\"urlTemplate\":\"https:\/\/www.leimueller-silvesterlauf.at\/?s={search_term_string}\"},\"query-input\":\"required name=search_term_string\"}],\"inLanguage\":\"de\"},{\"@type\":\"Organization\",\"@id\":\"https:\/\/www.leimueller-silvesterlauf.at\/#organization\",\"name\":\"Leim\u00fcller Silvesterlauf\",\"url\":\"https:\/\/www.leimueller-silvesterlauf.at\/\",\"logo\":{\"@type\":\"ImageObject\",\"inLanguage\":\"de\",\"@id\":\"https:\/\/www.leimueller-silvesterlauf.at\/#\/schema\/logo\/image\/\",\"url\":\"http:\/\/www.leimueller-silvesterlauf.at\/wp-content\/uploads\/2020\/01\/Logo_Leimueller_Racing_Team_150x150-1.gif\",\"contentUrl\":\"http:\/\/www.leimueller-silvesterlauf.at\/wp-content\/uploads\/2020\/01\/Logo_Leimueller_Racing_Team_150x150-1.gif\",\"width\":150,\"height\":150,\"caption\":\"Leim\u00fcller Silvesterlauf\"},\"image\":{\"@id\":\"https:\/\/www.leimueller-silvesterlauf.at\/#\/schema\/logo\/image\/\"}}]}<\/script>\n<!-- \/ Yoast SEO plugin. -->","yoast_head_json":{"title":"Bruttozeitnehmung - Leim\u00fcller Silvesterlauf","robots":{"index":"index","follow":"follow","max-snippet":"max-snippet:-1","max-image-preview":"max-image-preview:large","max-video-preview":"max-video-preview:-1"},"canonical":"http:\/\/www.leimueller-silvesterlauf.at\/?page_id=383","og_locale":"de_DE","og_type":"article","og_title":"Bruttozeitnehmung - Leim\u00fcller Silvesterlauf","og_description":"Immer wieder f\u00fcr Diskussion sorgen die Brutto- und Nettozeiten. Bruttozeit ist die tats\u00e4chliche Wettkampfzeit, also ist die Zeit vom Startschu\u00df bis zum individuellen \u00dcberlaufen der Ziellinie. Nach den internationalen Leichtathletik-Regeln ist nur die Bruttozeit die offizielle Zeit. Die Platzierungen und Siegerehrungen richten sich ausschlie\u00dflich nach den BRUTTOZEITEN. Wenn man die Nettozeit zur Auswertung heranziehen w\u00fcrde, [&hellip;]","og_url":"http:\/\/www.leimueller-silvesterlauf.at\/?page_id=383","og_site_name":"Leim\u00fcller Silvesterlauf","twitter_card":"summary_large_image","twitter_misc":{"Gesch\u00e4tzte Lesezeit":"1\u00a0Minute"},"schema":{"@context":"https:\/\/schema.org","@graph":[{"@type":"WebPage","@id":"http:\/\/www.leimueller-silvesterlauf.at\/?page_id=383","url":"http:\/\/www.leimueller-silvesterlauf.at\/?page_id=383","name":"Bruttozeitnehmung - Leim\u00fcller Silvesterlauf","isPartOf":{"@id":"https:\/\/www.leimueller-silvesterlauf.at\/#website"},"datePublished":"2020-01-10T17:45:37+00:00","dateModified":"2020-01-10T17:45:37+00:00","breadcrumb":{"@id":"http:\/\/www.leimueller-silvesterlauf.at\/?page_id=383#breadcrumb"},"inLanguage":"de","potentialAction":[{"@type":"ReadAction","target":["http:\/\/www.leimueller-silvesterlauf.at\/?page_id=383"]}]},{"@type":"BreadcrumbList","@id":"http:\/\/www.leimueller-silvesterlauf.at\/?page_id=383#breadcrumb","itemListElement":[{"@type":"ListItem","position":1,"name":"Startseite","item":"https:\/\/www.leimueller-silvesterlauf.at\/"},{"@type":"ListItem","position":2,"name":"Bruttozeitnehmung"}]},{"@type":"WebSite","@id":"https:\/\/www.leimueller-silvesterlauf.at\/#website","url":"https:\/\/www.leimueller-silvesterlauf.at\/","name":"Leim\u00fcller Silvesterlauf","description":"in Seekirchen am Wallersee","publisher":{"@id":"https:\/\/www.leimueller-silvesterlauf.at\/#organization"},"potentialAction":[{"@type":"SearchAction","target":{"@type":"EntryPoint","urlTemplate":"https:\/\/www.leimueller-silvesterlauf.at\/?s={search_term_string}"},"query-input":"required name=search_term_string"}],"inLanguage":"de"},{"@type":"Organization","@id":"https:\/\/www.leimueller-silvesterlauf.at\/#organization","name":"Leim\u00fcller Silvesterlauf","url":"https:\/\/www.leimueller-silvesterlauf.at\/","logo":{"@type":"ImageObject","inLanguage":"de","@id":"https:\/\/www.leimueller-silvesterlauf.at\/#\/schema\/logo\/image\/","url":"http:\/\/www.leimueller-silvesterlauf.at\/wp-content\/uploads\/2020\/01\/Logo_Leimueller_Racing_Team_150x150-1.gif","contentUrl":"http:\/\/www.leimueller-silvesterlauf.at\/wp-content\/uploads\/2020\/01\/Logo_Leimueller_Racing_Team_150x150-1.gif","width":150,"height":150,"caption":"Leim\u00fcller Silvesterlauf"},"image":{"@id":"https:\/\/www.leimueller-silvesterlauf.at\/#\/schema\/logo\/image\/"}}]}},"_links":{"self":[{"href":"http:\/\/www.leimueller-silvesterlauf.at\/index.php?rest_route=\/wp\/v2\/pages\/383","targetHints":{"allow":["GET"]}}],"collection":[{"href":"http:\/\/www.leimueller-silvesterlauf.at\/index.php?rest_route=\/wp\/v2\/pages"}],"about":[{"href":"http:\/\/www.leimueller-silvesterlauf.at\/index.php?rest_route=\/wp\/v2\/types\/page"}],"author":[{"embeddable":true,"href":"http:\/\/www.leimueller-silvesterlauf.at\/index.php?rest_route=\/wp\/v2\/users\/1"}],"replies":[{"embeddable":true,"href":"http:\/\/www.leimueller-silvesterlauf.at\/index.php?rest_route=%2Fwp%2Fv2%2Fcomments&post=383"}],"version-history":[{"count":1,"href":"http:\/\/www.leimueller-silvesterlauf.at\/index.php?rest_route=\/wp\/v2\/pages\/383\/revisions"}],"predecessor-version":[{"id":384,"href":"http:\/\/www.leimueller-silvesterlauf.at\/index.php?rest_route=\/wp\/v2\/pages\/383\/revisions\/384"}],"wp:attachment":[{"href":"http:\/\/www.leimueller-silvesterlauf.at\/index.php?rest_route=%2Fwp%2Fv2%2Fmedia&parent=383"}],"curies":[{"name":"wp","href":"https:\/\/api.w.org\/{rel}","templated":true}]}}