{"id":56,"date":"2020-01-09T19:59:43","date_gmt":"2020-01-09T18:59:43","guid":{"rendered":"http:\/\/www.leimueller-silvesterlauf.at\/Datenbank_Homepage\/?page_id=56"},"modified":"2025-05-17T11:05:06","modified_gmt":"2025-05-17T09:05:06","slug":"ergebnisse-und-urkunden","status":"publish","type":"page","link":"http:\/\/www.leimueller-silvesterlauf.at\/?page_id=56","title":{"rendered":"Ergebnisse und Urkunden"},"content":{"rendered":"\n<p class=\"has-medium-font-size\"><strong>Pers\u00f6nliche Urkunde<\/strong><\/p>\n\n\n\n<p>Ihre pers\u00f6nliche Urkunde k\u00f6nnen Sie sich von der Online-Ergebnisliste downloaden bzw. ausdrucken. Zuerst in der Ergebnisliste Ihren Namen suchen und anklicken, dann unten auf das Urkundenlogo klicken!<\/p>\n\n\n\n<figure class=\"wp-block-table is-style-stripes\"><table><tbody><tr><td>19. Leim\u00fcller Silvesterlauf<\/td><td><\/td><td><\/td><td><a href=\"https:\/\/my.raceresult.com\/341694\/results\">2025 Online-Ergebnisliste<\/a><\/td><td class=\"has-text-align-center\" data-align=\"center\"><\/td><td><\/td><td><\/td><\/tr><tr><td>18. Leim\u00fcller Silvesterlauf<\/td><td><\/td><td><\/td><td><a href=\"https:\/\/my.raceresult.com\/311377\/results\">2024 Online-Ergebnisliste<\/a><\/td><td class=\"has-text-align-center\" data-align=\"center\"><\/td><td><\/td><td><a href=\"http:\/\/www.leimueller-silvesterlauf.at\/Ergebnislisten\/2024_Ergebnisliste_Silvesterlauf.pdf\">2024 pdf-Ergebnisliste<\/a><br><a href=\"http:\/\/www.leimueller-silvesterlauf.at\/Ergebnislisten\/2024_Ergebnisliste_Silvesterlauf_Junior_Race.pdf\">2024 pdf-Ergebnisliste Junior Race<\/a><\/td><\/tr><tr><td>17. Leim\u00fcller Silvesterlauf<\/td><td><\/td><td><\/td><td><a href=\"https:\/\/my.raceresult.com\/263924\/results\">2023 Online-Ergebnisliste<\/a><\/td><td class=\"has-text-align-center\" data-align=\"center\"><\/td><td><\/td><td><a href=\"http:\/\/www.leimueller-silvesterlauf.at\/Ergebnislisten\/2023_Ergebnisliste_Silvesterlauf.pdf\">2023 pdf-Ergebnisliste<\/a><br><a href=\"http:\/\/www.leimueller-silvesterlauf.at\/Ergebnislisten\/2023_Ergebnisliste_Silvesterlauf_Junior_Race.pdf\">2023 pdf-Ergebnisliste Junior Race<\/a><\/td><\/tr><tr><td>16. Leim\u00fcller Silvesterlauf<\/td><td><\/td><td><\/td><td><a href=\"https:\/\/my.raceresult.com\/221380\/results\">2022 Online-Ergebnisliste<\/a><\/td><td class=\"has-text-align-center\" data-align=\"center\"><\/td><td><\/td><td><a href=\"http:\/\/www.leimueller-silvesterlauf.at\/Ergebnislisten\/2022_Ergebnisliste_Silvesterlauf.pdf\">2022 pdf-Ergebnisliste<\/a><br><a href=\"http:\/\/www.leimueller-silvesterlauf.at\/Ergebnislisten\/2022_Ergebnisliste_Silvesterlauf_Junior_Race.pdf\">2022 pdf-Ergebnisliste Junior Race<\/a><\/td><\/tr><tr><td> 15. Leim\u00fcller Silvesterlauf<\/td><td><\/td><td><\/td><td> <a href=\"https:\/\/my.raceresult.com\/136631\/?lang=de\">2019 Online-Ergebnisliste<\/a> <\/td><td class=\"has-text-align-center\" data-align=\"center\"><\/td><td><\/td><td> <a href=\"http:\/\/www.leimueller-silvesterlauf.at\/Ergebnislisten\/2019_Ergebnisliste_Silvesterlauf.pdf\">2019 pdf-Ergebnisliste<\/a><br> <a href=\"http:\/\/www.leimueller-silvesterlauf.at\/Ergebnislisten\/2019_Ergebnisliste_Silvesterlauf_Junior_Race.pdf\">2019 pdf-Ergebnisliste Junior Race<\/a> <\/td><\/tr><tr><td> 14. Leim\u00fcller Silvesterlauf <\/td><td><\/td><td><\/td><td> <a href=\"https:\/\/my.raceresult.com\/107339\/?lang=de\">2018 Online-Ergebnisliste<\/a> <\/td><td class=\"has-text-align-center\" data-align=\"center\"><\/td><td><\/td><td> <a href=\"http:\/\/www.leimueller-silvesterlauf.at\/Ergebnislisten\/2018_Ergebnisliste_Silvesterlauf.pdf\">2018 pdf-Ergebnisliste<\/a><br> <a href=\"http:\/\/www.leimueller-silvesterlauf.at\/Ergebnislisten\/2018_Ergebnisliste_Silvesterlauf_Junior_Race.pdf\">2018 pdf-Ergebnisliste Junior Race<\/a><\/td><\/tr><tr><td> 13. Leim\u00fcller Silvesterlauf <\/td><td><\/td><td><\/td><td> <a href=\"https:\/\/my.raceresult.com\/81682\/?lang=de\">2017 Online-Ergebnisliste<\/a> <\/td><td class=\"has-text-align-center\" data-align=\"center\"><\/td><td><\/td><td> <a href=\"http:\/\/www.leimueller-silvesterlauf.at\/Ergebnislisten\/2017_Ergebnisliste_Silvesterlauf.pdf\">2017 pdf-Ergebnisliste<\/a> <\/td><\/tr><tr><td> 12. Leim\u00fcller Silvesterlauf <\/td><td><\/td><td><\/td><td> <a href=\"https:\/\/my.raceresult.com\/60838\/?lang=de\">2016 Online-Ergebnisliste<\/a> <\/td><td class=\"has-text-align-center\" data-align=\"center\"><\/td><td><\/td><td> <a href=\"http:\/\/www.leimueller-silvesterlauf.at\/Ergebnislisten\/2016_Ergebnisliste_Silvesterlauf.pdf\">2016 pdf-Ergebnisliste<\/a> <\/td><\/tr><tr><td> 11. Leim\u00fcller Silvesterlauf <\/td><td><\/td><td><\/td><td> <a href=\"https:\/\/my.raceresult.com\/33167\/?lang=de\">2015 Online-Ergebnisliste<\/a> <\/td><td class=\"has-text-align-center\" data-align=\"center\"><\/td><td><\/td><td> <a href=\"http:\/\/www.leimueller-silvesterlauf.at\/Ergebnislisten\/2015_Ergebnisliste_Silvesterlauf.pdf\">2015 pdf-Ergebnisliste<\/a> <\/td><\/tr><tr><td> 10. Leim\u00fcller Silvesterlauf <\/td><td><\/td><td><\/td><td> <a href=\"https:\/\/my.raceresult.com\/29746\/?lang=de\">2014 Online-Ergebnisliste<\/a> <\/td><td class=\"has-text-align-center\" data-align=\"center\"><\/td><td><\/td><td> <a href=\"http:\/\/www.leimueller-silvesterlauf.at\/Ergebnislisten\/2014_Ergebnisliste_Silvesterlauf.pdf\">2014 pdf-Ergebnisliste<\/a> <\/td><\/tr><tr><td> 9. Leim\u00fcller Silvesterlauf <\/td><td><\/td><td><\/td><td> <a href=\"https:\/\/my.raceresult.com\/14260\/?lang=de\">2013 Online-Ergebnisliste <\/a><\/td><td class=\"has-text-align-center\" data-align=\"center\"><\/td><td><\/td><td> <a href=\"http:\/\/www.leimueller-silvesterlauf.at\/Ergebnislisten\/2013_Ergebnisliste_Silvesterlauf.pdf\">2013 pdf-Ergebnisliste<\/a> <br> <a href=\"http:\/\/www.leimueller-silvesterlauf.at\/Ergebnislisten\/2013-2005_Ergebnisliste_Silvesterlauf.pdf\">Alle Teilnehmer\/Zeiten von 2005 bis 2013<\/a><\/td><\/tr><tr><td> 8. Leim\u00fcller Silvesterlauf <\/td><td><\/td><td><\/td><td> <a href=\"https:\/\/my.raceresult.com\/12574\/?lang=de\">2012 Online-Ergebnisliste <\/a><\/td><td class=\"has-text-align-center\" data-align=\"center\"><\/td><td><\/td><td> <a href=\"http:\/\/www.leimueller-silvesterlauf.at\/Ergebnislisten\/2012_Ergebnisliste_Silvesterlauf.pdf\">2012 pdf-Ergebnisliste<\/a> <\/td><\/tr><tr><td> 7. Leim\u00fcller Silvesterlauf <\/td><td><\/td><td><\/td><td> <a href=\"https:\/\/my.raceresult.com\/8183\/?lang=de\">2011 Online-Ergebnisliste<\/a> <\/td><td class=\"has-text-align-center\" data-align=\"center\"><\/td><td><\/td><td> <a href=\"http:\/\/www.leimueller-silvesterlauf.at\/Ergebnislisten\/2011_Ergebnisliste_Silvesterlauf.pdf\">2011 pdf-Ergebnisliste<\/a> <\/td><\/tr><tr><td> 6. Leim\u00fcller Silvesterlauf <\/td><td><\/td><td><\/td><td> <a href=\"https:\/\/my.raceresult.com\/5583\/?lang=de\">2010 Online-Ergebnisliste <\/a><\/td><td class=\"has-text-align-center\" data-align=\"center\"><\/td><td><\/td><td> <a href=\"http:\/\/www.leimueller-silvesterlauf.at\/Ergebnislisten\/2010_Ergebnisliste_Silvesterlauf.pdf\">2010 pdf-Ergebnisliste<\/a> <\/td><\/tr><tr><td> 5. Leim\u00fcller Silvesterlauf <\/td><td><\/td><td><\/td><td><\/td><td class=\"has-text-align-center\" data-align=\"center\"><\/td><td><\/td><td> <a href=\"http:\/\/www.leimueller-silvesterlauf.at\/Ergebnislisten\/2009_Ergebnisliste_Silvesterlauf.pdf\">2009 pdf-Ergebnisliste<\/a> <\/td><\/tr><tr><td> 4. Leim\u00fcller Silvesterlauf <\/td><td><\/td><td><\/td><td><\/td><td class=\"has-text-align-center\" data-align=\"center\"><\/td><td><\/td><td> <a href=\"http:\/\/www.leimueller-silvesterlauf.at\/Ergebnislisten\/2008_Ergebnisliste_Silvesterlauf.pdf\">2008 pdf-Ergebnisliste<\/a> <\/td><\/tr><tr><td> 3. Leim\u00fcller Silvesterlauf <\/td><td><\/td><td><\/td><td><\/td><td class=\"has-text-align-center\" data-align=\"center\"><\/td><td><\/td><td> <a href=\"http:\/\/www.leimueller-silvesterlauf.at\/Ergebnislisten\/2007_Ergebnisliste_Silvesterlauf.pdf\">2007 pdf-Ergebnisliste<\/a> <\/td><\/tr><tr><td> 2. Leim\u00fcller Silvesterlauf <\/td><td><\/td><td><\/td><td><\/td><td class=\"has-text-align-center\" data-align=\"center\"><\/td><td><\/td><td> <a href=\"http:\/\/www.leimueller-silvesterlauf.at\/Ergebnislisten\/2006_Ergebnisliste_Silvesterlauf.pdf\">2006 pdf-Ergebnisliste<\/a> <\/td><\/tr><tr><td> 1. Leim\u00fcller Silvesterlauf <\/td><td><\/td><td><\/td><td><\/td><td class=\"has-text-align-center\" data-align=\"center\"><\/td><td><\/td><td> <a href=\"http:\/\/www.leimueller-silvesterlauf.at\/Ergebnislisten\/2005_Ergebnisliste_Silvesterlauf.pdf\">2005 pdf-Ergebnisliste<\/a> <\/td><\/tr><\/tbody><\/table><\/figure>\n\n\n\n<div class=\"wp-block-group\"><div class=\"wp-block-group__inner-container is-layout-flow wp-block-group-is-layout-flow\"><\/div><\/div>\n","protected":false},"excerpt":{"rendered":"<p>Pers\u00f6nliche Urkunde Ihre pers\u00f6nliche Urkunde k\u00f6nnen Sie sich von der Online-Ergebnisliste downloaden bzw. ausdrucken. Zuerst in der Ergebnisliste Ihren Namen suchen und anklicken, dann unten auf das Urkundenlogo klicken! 19. Leim\u00fcller Silvesterlauf 2025 Online-Ergebnisliste 18. Leim\u00fcller Silvesterlauf 2024 Online-Ergebnisliste 2024 pdf-Ergebnisliste2024 pdf-Ergebnisliste Junior Race 17. Leim\u00fcller Silvesterlauf 2023 Online-Ergebnisliste 2023 pdf-Ergebnisliste2023 pdf-Ergebnisliste Junior Race 16. [&hellip;]<\/p>\n","protected":false},"author":1,"featured_media":0,"parent":0,"menu_order":0,"comment_status":"closed","ping_status":"closed","template":"","meta":{"footnotes":""},"class_list":["post-56","page","type-page","status-publish","hentry"],"yoast_head":"<!-- This site is optimized with the Yoast SEO plugin v27.4 - https:\/\/yoast.com\/product\/yoast-seo-wordpress\/ -->\n<title>Ergebnisse und Urkunden - Leim\u00fcller Silvesterlauf<\/title>\n<meta name=\"robots\" content=\"index, follow, max-snippet:-1, max-image-preview:large, max-video-preview:-1\" \/>\n<link rel=\"canonical\" href=\"https:\/\/www.leimueller-silvesterlauf.at\/?page_id=56\" \/>\n<meta property=\"og:locale\" content=\"de_DE\" \/>\n<meta property=\"og:type\" content=\"article\" \/>\n<meta property=\"og:title\" content=\"Ergebnisse und Urkunden - Leim\u00fcller Silvesterlauf\" \/>\n<meta property=\"og:description\" content=\"Pers\u00f6nliche Urkunde Ihre pers\u00f6nliche Urkunde k\u00f6nnen Sie sich von der Online-Ergebnisliste downloaden bzw. ausdrucken. Zuerst in der Ergebnisliste Ihren Namen suchen und anklicken, dann unten auf das Urkundenlogo klicken! 19. Leim\u00fcller Silvesterlauf 2025 Online-Ergebnisliste 18. Leim\u00fcller Silvesterlauf 2024 Online-Ergebnisliste 2024 pdf-Ergebnisliste2024 pdf-Ergebnisliste Junior Race 17. Leim\u00fcller Silvesterlauf 2023 Online-Ergebnisliste 2023 pdf-Ergebnisliste2023 pdf-Ergebnisliste Junior Race 16. [&hellip;]\" \/>\n<meta property=\"og:url\" content=\"https:\/\/www.leimueller-silvesterlauf.at\/?page_id=56\" \/>\n<meta property=\"og:site_name\" content=\"Leim\u00fcller Silvesterlauf\" \/>\n<meta property=\"article:modified_time\" content=\"2025-05-17T09:05:06+00:00\" \/>\n<meta name=\"twitter:card\" content=\"summary_large_image\" \/>\n<meta name=\"twitter:label1\" content=\"Gesch\u00e4tzte Lesezeit\" \/>\n\t<meta name=\"twitter:data1\" content=\"1\u00a0Minute\" \/>\n<script type=\"application\/ld+json\" class=\"yoast-schema-graph\">{\"@context\":\"https:\\\/\\\/schema.org\",\"@graph\":[{\"@type\":\"WebPage\",\"@id\":\"https:\\\/\\\/www.leimueller-silvesterlauf.at\\\/?page_id=56\",\"url\":\"https:\\\/\\\/www.leimueller-silvesterlauf.at\\\/?page_id=56\",\"name\":\"Ergebnisse und Urkunden - Leim\u00fcller Silvesterlauf\",\"isPartOf\":{\"@id\":\"https:\\\/\\\/www.leimueller-silvesterlauf.at\\\/#website\"},\"datePublished\":\"2020-01-09T18:59:43+00:00\",\"dateModified\":\"2025-05-17T09:05:06+00:00\",\"breadcrumb\":{\"@id\":\"https:\\\/\\\/www.leimueller-silvesterlauf.at\\\/?page_id=56#breadcrumb\"},\"inLanguage\":\"de\",\"potentialAction\":[{\"@type\":\"ReadAction\",\"target\":[\"https:\\\/\\\/www.leimueller-silvesterlauf.at\\\/?page_id=56\"]}]},{\"@type\":\"BreadcrumbList\",\"@id\":\"https:\\\/\\\/www.leimueller-silvesterlauf.at\\\/?page_id=56#breadcrumb\",\"itemListElement\":[{\"@type\":\"ListItem\",\"position\":1,\"name\":\"Startseite\",\"item\":\"https:\\\/\\\/www.leimueller-silvesterlauf.at\\\/\"},{\"@type\":\"ListItem\",\"position\":2,\"name\":\"Ergebnisse und Urkunden\"}]},{\"@type\":\"WebSite\",\"@id\":\"https:\\\/\\\/www.leimueller-silvesterlauf.at\\\/#website\",\"url\":\"https:\\\/\\\/www.leimueller-silvesterlauf.at\\\/\",\"name\":\"Leim\u00fcller Silvesterlauf\",\"description\":\"in Seekirchen am Wallersee\",\"publisher\":{\"@id\":\"https:\\\/\\\/www.leimueller-silvesterlauf.at\\\/#organization\"},\"potentialAction\":[{\"@type\":\"SearchAction\",\"target\":{\"@type\":\"EntryPoint\",\"urlTemplate\":\"https:\\\/\\\/www.leimueller-silvesterlauf.at\\\/?s={search_term_string}\"},\"query-input\":{\"@type\":\"PropertyValueSpecification\",\"valueRequired\":true,\"valueName\":\"search_term_string\"}}],\"inLanguage\":\"de\"},{\"@type\":\"Organization\",\"@id\":\"https:\\\/\\\/www.leimueller-silvesterlauf.at\\\/#organization\",\"name\":\"Leim\u00fcller Silvesterlauf\",\"url\":\"https:\\\/\\\/www.leimueller-silvesterlauf.at\\\/\",\"logo\":{\"@type\":\"ImageObject\",\"inLanguage\":\"de\",\"@id\":\"https:\\\/\\\/www.leimueller-silvesterlauf.at\\\/#\\\/schema\\\/logo\\\/image\\\/\",\"url\":\"http:\\\/\\\/www.leimueller-silvesterlauf.at\\\/wp-content\\\/uploads\\\/2020\\\/01\\\/Logo_Leimueller_Racing_Team_150x150-1.gif\",\"contentUrl\":\"http:\\\/\\\/www.leimueller-silvesterlauf.at\\\/wp-content\\\/uploads\\\/2020\\\/01\\\/Logo_Leimueller_Racing_Team_150x150-1.gif\",\"width\":150,\"height\":150,\"caption\":\"Leim\u00fcller Silvesterlauf\"},\"image\":{\"@id\":\"https:\\\/\\\/www.leimueller-silvesterlauf.at\\\/#\\\/schema\\\/logo\\\/image\\\/\"}}]}<\/script>\n<!-- \/ Yoast SEO plugin. -->","yoast_head_json":{"title":"Ergebnisse und Urkunden - Leim\u00fcller Silvesterlauf","robots":{"index":"index","follow":"follow","max-snippet":"max-snippet:-1","max-image-preview":"max-image-preview:large","max-video-preview":"max-video-preview:-1"},"canonical":"https:\/\/www.leimueller-silvesterlauf.at\/?page_id=56","og_locale":"de_DE","og_type":"article","og_title":"Ergebnisse und Urkunden - Leim\u00fcller Silvesterlauf","og_description":"Pers\u00f6nliche Urkunde Ihre pers\u00f6nliche Urkunde k\u00f6nnen Sie sich von der Online-Ergebnisliste downloaden bzw. ausdrucken. Zuerst in der Ergebnisliste Ihren Namen suchen und anklicken, dann unten auf das Urkundenlogo klicken! 19. Leim\u00fcller Silvesterlauf 2025 Online-Ergebnisliste 18. Leim\u00fcller Silvesterlauf 2024 Online-Ergebnisliste 2024 pdf-Ergebnisliste2024 pdf-Ergebnisliste Junior Race 17. Leim\u00fcller Silvesterlauf 2023 Online-Ergebnisliste 2023 pdf-Ergebnisliste2023 pdf-Ergebnisliste Junior Race 16. [&hellip;]","og_url":"https:\/\/www.leimueller-silvesterlauf.at\/?page_id=56","og_site_name":"Leim\u00fcller Silvesterlauf","article_modified_time":"2025-05-17T09:05:06+00:00","twitter_card":"summary_large_image","twitter_misc":{"Gesch\u00e4tzte Lesezeit":"1\u00a0Minute"},"schema":{"@context":"https:\/\/schema.org","@graph":[{"@type":"WebPage","@id":"https:\/\/www.leimueller-silvesterlauf.at\/?page_id=56","url":"https:\/\/www.leimueller-silvesterlauf.at\/?page_id=56","name":"Ergebnisse und Urkunden - Leim\u00fcller Silvesterlauf","isPartOf":{"@id":"https:\/\/www.leimueller-silvesterlauf.at\/#website"},"datePublished":"2020-01-09T18:59:43+00:00","dateModified":"2025-05-17T09:05:06+00:00","breadcrumb":{"@id":"https:\/\/www.leimueller-silvesterlauf.at\/?page_id=56#breadcrumb"},"inLanguage":"de","potentialAction":[{"@type":"ReadAction","target":["https:\/\/www.leimueller-silvesterlauf.at\/?page_id=56"]}]},{"@type":"BreadcrumbList","@id":"https:\/\/www.leimueller-silvesterlauf.at\/?page_id=56#breadcrumb","itemListElement":[{"@type":"ListItem","position":1,"name":"Startseite","item":"https:\/\/www.leimueller-silvesterlauf.at\/"},{"@type":"ListItem","position":2,"name":"Ergebnisse und Urkunden"}]},{"@type":"WebSite","@id":"https:\/\/www.leimueller-silvesterlauf.at\/#website","url":"https:\/\/www.leimueller-silvesterlauf.at\/","name":"Leim\u00fcller Silvesterlauf","description":"in Seekirchen am Wallersee","publisher":{"@id":"https:\/\/www.leimueller-silvesterlauf.at\/#organization"},"potentialAction":[{"@type":"SearchAction","target":{"@type":"EntryPoint","urlTemplate":"https:\/\/www.leimueller-silvesterlauf.at\/?s={search_term_string}"},"query-input":{"@type":"PropertyValueSpecification","valueRequired":true,"valueName":"search_term_string"}}],"inLanguage":"de"},{"@type":"Organization","@id":"https:\/\/www.leimueller-silvesterlauf.at\/#organization","name":"Leim\u00fcller Silvesterlauf","url":"https:\/\/www.leimueller-silvesterlauf.at\/","logo":{"@type":"ImageObject","inLanguage":"de","@id":"https:\/\/www.leimueller-silvesterlauf.at\/#\/schema\/logo\/image\/","url":"http:\/\/www.leimueller-silvesterlauf.at\/wp-content\/uploads\/2020\/01\/Logo_Leimueller_Racing_Team_150x150-1.gif","contentUrl":"http:\/\/www.leimueller-silvesterlauf.at\/wp-content\/uploads\/2020\/01\/Logo_Leimueller_Racing_Team_150x150-1.gif","width":150,"height":150,"caption":"Leim\u00fcller Silvesterlauf"},"image":{"@id":"https:\/\/www.leimueller-silvesterlauf.at\/#\/schema\/logo\/image\/"}}]}},"_links":{"self":[{"href":"http:\/\/www.leimueller-silvesterlauf.at\/index.php?rest_route=\/wp\/v2\/pages\/56","targetHints":{"allow":["GET"]}}],"collection":[{"href":"http:\/\/www.leimueller-silvesterlauf.at\/index.php?rest_route=\/wp\/v2\/pages"}],"about":[{"href":"http:\/\/www.leimueller-silvesterlauf.at\/index.php?rest_route=\/wp\/v2\/types\/page"}],"author":[{"embeddable":true,"href":"http:\/\/www.leimueller-silvesterlauf.at\/index.php?rest_route=\/wp\/v2\/users\/1"}],"replies":[{"embeddable":true,"href":"http:\/\/www.leimueller-silvesterlauf.at\/index.php?rest_route=%2Fwp%2Fv2%2Fcomments&post=56"}],"version-history":[{"count":18,"href":"http:\/\/www.leimueller-silvesterlauf.at\/index.php?rest_route=\/wp\/v2\/pages\/56\/revisions"}],"predecessor-version":[{"id":1093,"href":"http:\/\/www.leimueller-silvesterlauf.at\/index.php?rest_route=\/wp\/v2\/pages\/56\/revisions\/1093"}],"wp:attachment":[{"href":"http:\/\/www.leimueller-silvesterlauf.at\/index.php?rest_route=%2Fwp%2Fv2%2Fmedia&parent=56"}],"curies":[{"name":"wp","href":"https:\/\/api.w.org\/{rel}","templated":true}]}}