{"id":254,"date":"2020-01-09T22:01:59","date_gmt":"2020-01-09T21:01:59","guid":{"rendered":"http:\/\/www.leimueller-silvesterlauf.at\/?page_id=254"},"modified":"2020-01-09T22:01:59","modified_gmt":"2020-01-09T21:01:59","slug":"datenschutzerklaerung-2","status":"publish","type":"page","link":"https:\/\/www.leimueller-silvesterlauf.at\/?page_id=254","title":{"rendered":"Datenschutzerkl\u00e4rung"},"content":{"rendered":"\n<p><em>Geltungsbereich<\/em><\/p>\n\n\n\n<p>Der Schutz Ihrer pers\u00f6nlichen Daten ist uns ein besonderes Anliegen. Wir verarbeiten Ihre Daten daher ausschlie\u00dflich auf Grundlage der gesetzlichen Bestimmungen (DSGVO, TKG 2003). In diesen Datenschutzinformationen informiere wir Sie \u00fcber die wichtigsten Aspekte der Datenverarbeitung im Rahmen dieser Website.<\/p>\n\n\n\n<p>Bedenken Sie jedoch, dass die Daten\u00fcbertragung im Internet grunds\u00e4tzlich mit Sicherheitsl\u00fccken bedacht sein kann. Ein vollumf\u00e4nglicher Schutz vor dem Zugriff durch Fremde ist nicht realisierbar.<\/p>\n\n\n\n<p><em>Zugriffsdaten<\/em><\/p>\n\n\n\n<p>Der Websitebetreiber bzw. Seitenprovider erhebt Daten \u00fcber Zugriffe auf die Seite und speichert diese als \u201eServer-Logfiles\u201c ab. Folgende Daten werden protokolliert:<br>\u2022 Besuchte Website<br>\u2022 Uhrzeit zum Zeitpunkt des Zugriffs<br>\u2022 Menge der gesendeten Daten<br>\u2022 Quelle\/Verweis, von welchem Sie auf die Seite gelangen<br>\u2022 Verwendeter Browser<br>\u2022 Verwendetes Betriebssystem<br>\u2022 Verwendete IP-Adresse<\/p>\n\n\n\n<p>Die erhobenen Daten dienen lediglich statistischen Auswertungen und der Verbesserung der Website. Der Websitebetreiber beh\u00e4lt sich allerdings vor, die Server-Logfiles nachtr\u00e4glich zu \u00fcberpr\u00fcfen, sollten konkrete Anhaltspunkte auf eine rechtswidrige Nutzung hinweisen.<\/p>\n\n\n\n<p><em>Cookies<\/em><\/p>\n\n\n\n<p>Diese Website verwendet Cookies. Dabei handelt es sich um kleine Textdateien, welche auf Ihrem Endger\u00e4t gespeichert werden. Ihr Browser greift auf diese Dateien zu. Durch den Einsatz von Cookies erh\u00f6ht sich die Benutzerfreundlichkeit und Sicherheit der Website.<\/p>\n\n\n\n<p>G\u00e4ngige Browser bieten die Einstellungsoption, Cookies nicht zuzulassen.<br>Hinweis: Es ist nicht gew\u00e4hrleistet, dass Sie auf alle Funktionen dieser Website ohne Einschr\u00e4nkungen zugreifen k\u00f6nnen, wenn Sie entsprechende Einstellungen vornehmen.<\/p>\n\n\n\n<p><em>Umgang mit personenbezogenen Daten<\/em><\/p>\n\n\n\n<p>Wenn Sie per Formular auf der Website, per Telefon oder per E-Mail Kontakt mit uns aufnehmen, werden Ihre angegebenen Daten zwecks Bearbeitung der Anfrage und f\u00fcr den Fall von Anschlussfragen gespeichert. Diese Daten gebe wir nicht ohne Ihre Einwilligung weiter.<\/p>\n\n\n\n<p><em>Nutzung von Social-Media-Plugins<\/em><\/p>\n\n\n\n<p>Diese Website verwendet Facebook Social Plugins, welches von der Facebook Inc. (1 Hacker Way, Menlo Park, California 94025, USA) betrieben wird. Erkennbar sind die Einbindungen an dem Facebook-Logo bzw. an den Begriffen \u201eLike\u201c, \u201eGef\u00e4llt mir\u201c, \u201eTeilen\u201c in den Farben Facebooks (Blau und Wei\u00df). Informationen zu allen Facebook-Plugins finden Sie im folgenden Link: <a href=\"https:\/\/developers.facebook.com\/docs\/plugins\/\" target=\"_blank\" rel=\"noreferrer noopener\">https:\/\/developers.facebook.com\/docs\/plugins\/<\/a><\/p>\n\n\n\n<p>Das Plugin stellt eine direkte Verbindung zwischen Ihrem Browser und den Facebook-Servern her. Der Websitebetreiber hat keinerlei Einfluss auf die Natur und den Umfang der Daten, welche das Plugin an die Server der Facebook Inc. \u00fcbermittelt. Informationen dazu finden Sie hier: <a href=\"https:\/\/www.facebook.com\/help\/186325668085084\" target=\"_blank\" rel=\"noreferrer noopener\">https:\/\/www.facebook.com\/help\/186325668085084<\/a><\/p>\n\n\n\n<p>Das Plugin informiert die Facebook Inc. dar\u00fcber, dass der Nutzer diese Website besucht hat. Es besteht hierbei die M\u00f6glichkeit, dass Ihre IP-Adresse gespeichert wird. Sind Sie w\u00e4hrend des Besuchs auf dieser Website in Ihrem Facebook-Konto eingeloggt, werden die genannten Informationen mit diesem verkn\u00fcpft.<\/p>\n\n\n\n<p>Nutzen Sie die Funktionen des Plugins \u2013 etwa indem Sie einen Beitrag teilen oder \u201eliken\u201c \u2013 werden die entsprechenden Informationen ebenfalls an die Facebook Inc. \u00fcbermittelt.<\/p>\n\n\n\n<p>M\u00f6chten Sie verhindern, dass die Facebook Inc. diese Daten mit Ihrem Facebook-Konto verkn\u00fcpft, loggen Sie sich bitte vor dem Besuch dieser Website bei Facebook aus.<\/p>\n\n\n\n<p><em>Rechtsgrundlage f\u00fcr die Datenverarbeitung<\/em><\/p>\n\n\n\n<p>Soweit f\u00fcr Verarbeitungsvorg\u00e4nge personenbezogener Daten eine Einwilligung der betroffenen Person eingeholt wird, dient Art. 6 Abs. 1 lit. a EU-Datenschutzgrundverordnung (DSGVO) als Rechtsgrundlage f\u00fcr die Verarbeitung personenbezogener Daten.<\/p>\n\n\n\n<p>Bei der Verarbeitung von personenbezogenen Daten, die zur Erf\u00fcllung eines Vertrages, dessen Vertragspartei die betroffene Person ist, erforderlich ist, dient Art. 6 Abs. 1 lit. b DSGVO als Rechtsgrundlage. Dies gilt auch f\u00fcr Verarbeitungsvorg\u00e4nge, die zur Durchf\u00fchrung vorvertraglicher Ma\u00dfnahmen erforderlich sind.<\/p>\n\n\n\n<p>Soweit eine Verarbeitung personenbezogener Daten zur Erf\u00fcllung einer rechtlichen Verpflichtung erforderlich ist, der wir unterliegen, dient Art. 6 Abs. 1 lit. c DSGVO als Rechtsgrundlage.<\/p>\n\n\n\n<p>Ist die Verarbeitung zur Wahrung eines berechtigten Interesses des Vereines oder eines Dritten erforderlich und \u00fcberwiegen diese Interessen, Grundrechte und Grundfreiheiten des Betroffenen das erstgenannte Interesse nicht, so dient Art. 6 Abs. 1 lit. f DSGVO als Rechtsgrundlage f\u00fcr die Verarbeitung.<\/p>\n\n\n\n<p><em>Google Analytics Erg\u00e4nzungen<\/em><\/p>\n\n\n\n<p>Diese Website benutzt Google Analytics, einen Webanalysedienst der Google Inc. (\u201eGoogle\u201c). Google Analytics verwendet sog. \u201eCookies\u201c, Textdateien, die auf Ihrem Computer gespeichert werden und die eine Analyse der Benutzung der Website durch Sie erm\u00f6glichen. Die durch den Cookie erzeugten Informationen \u00fcber Ihre Benutzung dieser Website werden in der Regel an einen Server von Google in den USA \u00fcbertragen und dort gespeichert. Im Falle der Aktivierung der IP-Anonymisierung auf dieser Webseite, wird Ihre IP-Adresse von Google jedoch innerhalb von Mitgliedstaaten der Europ\u00e4ischen Union oder in anderen Vertragsstaaten des Abkommens \u00fcber den Europ\u00e4ischen Wirtschaftsraum zuvor gek\u00fcrzt. Nur in Ausnahmef\u00e4llen wird die volle IP-Adresse an einen Server von Google in den USA \u00fcbertragen und dort gek\u00fcrzt. Im Auftrag des Betreibers dieser Website wird Google diese Informationen benutzen, um Ihre Nutzung der Website auszuwerten, um Reports \u00fcber die Websiteaktivit\u00e4ten zusammenzustellen und um weitere mit der Websitenutzung und der Internetnutzung verbundene Dienstleistungen gegen\u00fcber dem Websitebetreiber zu erbringen. Die im Rahmen von Google Analytics von Ihrem Browser \u00fcbermittelte IP-Adresse wird nicht mit anderen Daten von Google zusammengef\u00fchrt. Sie k\u00f6nnen die Speicherung der Cookies durch eine entsprechende Einstellung Ihrer Browser-Software verhindern; wir weisen Sie jedoch darauf hin, dass Sie in diesem Fall gegebenenfalls nicht s\u00e4mtliche Funktionen dieser Website vollumf\u00e4nglich werden nutzen k\u00f6nnen. Sie k\u00f6nnen dar\u00fcber hinaus die Erfassung der durch das Cookie erzeugten und auf Ihre Nutzung der Website bezogenen Daten (inkl. Ihrer IP-Adresse) an Google sowie die Verarbeitung dieser Daten durch Google verhindern, indem Sie das unter dem folgenden Link verf\u00fcgbare Browser-Plugin herunterladen und installieren: <a href=\"http:\/\/tools.google.com\/dlpage\/gaoptout\" target=\"_blank\" rel=\"noreferrer noopener\">http:\/\/tools.google.com\/dlpage\/gaoptout<\/a><\/p>\n\n\n\n<p>Sie k\u00f6nnen die Erfassung durch Google Analytics verhindern, indem Sie folgende Einstellung \u00e4ndern:<\/p>\n\n\n\n<p><strong>[av_privacy_google_tracking]Google Analytics Tracking erlauben[\/av_privacy_google_tracking]<\/strong><\/p>\n\n\n\n<p>N\u00e4here Informationen zu Nutzungsbedingungen und Datenschutz finden Sie unter den <a href=\"https:\/\/www.google.com\/analytics\/terms\/de.html\" target=\"_blank\" rel=\"noreferrer noopener\">Google Analytics Bedingungen<\/a>&nbsp;bzw. unter der <a href=\"https:\/\/www.google.com\/intl\/de\/policies\/privacy\/index.html\" target=\"_blank\" rel=\"noreferrer noopener\">Google Analytics \u00dcbersicht<\/a>.<\/p>\n\n\n\n<p><em>Ihre Rechte<\/em><\/p>\n\n\n\n<p>Ihnen stehen grunds\u00e4tzlich die Rechte auf Auskunft, Berichtigung, L\u00f6schung, Einschr\u00e4nkung, Daten\u00fcbertragbarkeit, Widerruf und Widerspruch zu. Wenn Sie glauben, dass die Verarbeitung Ihrer Daten gegen das Datenschutzrecht verst\u00f6\u00dft oder Ihre datenschutzrechtlichen Anspr\u00fcche sonst in einer Weise verletzt worden sind, k\u00f6nnen Sie sich bei der Aufsichtsbeh\u00f6rde beschweren. In \u00d6sterreich ist dies die Datenschutzbeh\u00f6rde.<\/p>\n\n\n\n<p>Sie erreichen uns unter <a href=\"mailto:silvesterlauf@gmx.at\">info@skiclub-seekirchen.a<\/a><a href=\"mailto:info@skiclub-seekirchen.at\">t<\/a>.<\/p>\n","protected":false},"excerpt":{"rendered":"<p>Geltungsbereich Der Schutz Ihrer pers\u00f6nlichen Daten ist uns ein besonderes Anliegen. Wir verarbeiten Ihre Daten daher ausschlie\u00dflich auf Grundlage der gesetzlichen Bestimmungen (DSGVO, TKG 2003). In diesen Datenschutzinformationen informiere wir Sie \u00fcber die wichtigsten Aspekte der Datenverarbeitung im Rahmen dieser Website. Bedenken Sie jedoch, dass die Daten\u00fcbertragung im Internet grunds\u00e4tzlich mit Sicherheitsl\u00fccken bedacht sein kann. [&hellip;]<\/p>\n","protected":false},"author":1,"featured_media":0,"parent":0,"menu_order":0,"comment_status":"closed","ping_status":"closed","template":"","meta":{"footnotes":""},"class_list":["post-254","page","type-page","status-publish","hentry"],"yoast_head":"<!-- This site is optimized with the Yoast SEO plugin v19.13 - https:\/\/yoast.com\/wordpress\/plugins\/seo\/ -->\n<title>Datenschutzerkl\u00e4rung - Leim\u00fcller Silvesterlauf<\/title>\n<meta name=\"robots\" content=\"index, follow, max-snippet:-1, max-image-preview:large, max-video-preview:-1\" \/>\n<link rel=\"canonical\" href=\"https:\/\/www.leimueller-silvesterlauf.at\/?page_id=254\" \/>\n<meta property=\"og:locale\" content=\"de_DE\" \/>\n<meta property=\"og:type\" content=\"article\" \/>\n<meta property=\"og:title\" content=\"Datenschutzerkl\u00e4rung - Leim\u00fcller Silvesterlauf\" \/>\n<meta property=\"og:description\" content=\"Geltungsbereich Der Schutz Ihrer pers\u00f6nlichen Daten ist uns ein besonderes Anliegen. Wir verarbeiten Ihre Daten daher ausschlie\u00dflich auf Grundlage der gesetzlichen Bestimmungen (DSGVO, TKG 2003). In diesen Datenschutzinformationen informiere wir Sie \u00fcber die wichtigsten Aspekte der Datenverarbeitung im Rahmen dieser Website. Bedenken Sie jedoch, dass die Daten\u00fcbertragung im Internet grunds\u00e4tzlich mit Sicherheitsl\u00fccken bedacht sein kann. [&hellip;]\" \/>\n<meta property=\"og:url\" content=\"https:\/\/www.leimueller-silvesterlauf.at\/?page_id=254\" \/>\n<meta property=\"og:site_name\" content=\"Leim\u00fcller Silvesterlauf\" \/>\n<meta name=\"twitter:card\" content=\"summary_large_image\" \/>\n<meta name=\"twitter:label1\" content=\"Gesch\u00e4tzte Lesezeit\" \/>\n\t<meta name=\"twitter:data1\" content=\"5\u00a0Minuten\" \/>\n<script type=\"application\/ld+json\" class=\"yoast-schema-graph\">{\"@context\":\"https:\/\/schema.org\",\"@graph\":[{\"@type\":\"WebPage\",\"@id\":\"https:\/\/www.leimueller-silvesterlauf.at\/?page_id=254\",\"url\":\"https:\/\/www.leimueller-silvesterlauf.at\/?page_id=254\",\"name\":\"Datenschutzerkl\u00e4rung - Leim\u00fcller Silvesterlauf\",\"isPartOf\":{\"@id\":\"https:\/\/www.leimueller-silvesterlauf.at\/#website\"},\"datePublished\":\"2020-01-09T21:01:59+00:00\",\"dateModified\":\"2020-01-09T21:01:59+00:00\",\"breadcrumb\":{\"@id\":\"https:\/\/www.leimueller-silvesterlauf.at\/?page_id=254#breadcrumb\"},\"inLanguage\":\"de\",\"potentialAction\":[{\"@type\":\"ReadAction\",\"target\":[\"https:\/\/www.leimueller-silvesterlauf.at\/?page_id=254\"]}]},{\"@type\":\"BreadcrumbList\",\"@id\":\"https:\/\/www.leimueller-silvesterlauf.at\/?page_id=254#breadcrumb\",\"itemListElement\":[{\"@type\":\"ListItem\",\"position\":1,\"name\":\"Startseite\",\"item\":\"https:\/\/www.leimueller-silvesterlauf.at\/\"},{\"@type\":\"ListItem\",\"position\":2,\"name\":\"Datenschutzerkl\u00e4rung\"}]},{\"@type\":\"WebSite\",\"@id\":\"https:\/\/www.leimueller-silvesterlauf.at\/#website\",\"url\":\"https:\/\/www.leimueller-silvesterlauf.at\/\",\"name\":\"Leim\u00fcller Silvesterlauf\",\"description\":\"in Seekirchen am Wallersee\",\"publisher\":{\"@id\":\"https:\/\/www.leimueller-silvesterlauf.at\/#organization\"},\"potentialAction\":[{\"@type\":\"SearchAction\",\"target\":{\"@type\":\"EntryPoint\",\"urlTemplate\":\"https:\/\/www.leimueller-silvesterlauf.at\/?s={search_term_string}\"},\"query-input\":\"required name=search_term_string\"}],\"inLanguage\":\"de\"},{\"@type\":\"Organization\",\"@id\":\"https:\/\/www.leimueller-silvesterlauf.at\/#organization\",\"name\":\"Leim\u00fcller Silvesterlauf\",\"url\":\"https:\/\/www.leimueller-silvesterlauf.at\/\",\"logo\":{\"@type\":\"ImageObject\",\"inLanguage\":\"de\",\"@id\":\"https:\/\/www.leimueller-silvesterlauf.at\/#\/schema\/logo\/image\/\",\"url\":\"https:\/\/www.leimueller-silvesterlauf.at\/wp-content\/uploads\/2020\/01\/Logo_Leimueller_Racing_Team_150x150-1.gif\",\"contentUrl\":\"https:\/\/www.leimueller-silvesterlauf.at\/wp-content\/uploads\/2020\/01\/Logo_Leimueller_Racing_Team_150x150-1.gif\",\"width\":150,\"height\":150,\"caption\":\"Leim\u00fcller Silvesterlauf\"},\"image\":{\"@id\":\"https:\/\/www.leimueller-silvesterlauf.at\/#\/schema\/logo\/image\/\"}}]}<\/script>\n<!-- \/ Yoast SEO plugin. -->","yoast_head_json":{"title":"Datenschutzerkl\u00e4rung - Leim\u00fcller Silvesterlauf","robots":{"index":"index","follow":"follow","max-snippet":"max-snippet:-1","max-image-preview":"max-image-preview:large","max-video-preview":"max-video-preview:-1"},"canonical":"https:\/\/www.leimueller-silvesterlauf.at\/?page_id=254","og_locale":"de_DE","og_type":"article","og_title":"Datenschutzerkl\u00e4rung - Leim\u00fcller Silvesterlauf","og_description":"Geltungsbereich Der Schutz Ihrer pers\u00f6nlichen Daten ist uns ein besonderes Anliegen. Wir verarbeiten Ihre Daten daher ausschlie\u00dflich auf Grundlage der gesetzlichen Bestimmungen (DSGVO, TKG 2003). In diesen Datenschutzinformationen informiere wir Sie \u00fcber die wichtigsten Aspekte der Datenverarbeitung im Rahmen dieser Website. Bedenken Sie jedoch, dass die Daten\u00fcbertragung im Internet grunds\u00e4tzlich mit Sicherheitsl\u00fccken bedacht sein kann. [&hellip;]","og_url":"https:\/\/www.leimueller-silvesterlauf.at\/?page_id=254","og_site_name":"Leim\u00fcller Silvesterlauf","twitter_card":"summary_large_image","twitter_misc":{"Gesch\u00e4tzte Lesezeit":"5\u00a0Minuten"},"schema":{"@context":"https:\/\/schema.org","@graph":[{"@type":"WebPage","@id":"https:\/\/www.leimueller-silvesterlauf.at\/?page_id=254","url":"https:\/\/www.leimueller-silvesterlauf.at\/?page_id=254","name":"Datenschutzerkl\u00e4rung - Leim\u00fcller Silvesterlauf","isPartOf":{"@id":"https:\/\/www.leimueller-silvesterlauf.at\/#website"},"datePublished":"2020-01-09T21:01:59+00:00","dateModified":"2020-01-09T21:01:59+00:00","breadcrumb":{"@id":"https:\/\/www.leimueller-silvesterlauf.at\/?page_id=254#breadcrumb"},"inLanguage":"de","potentialAction":[{"@type":"ReadAction","target":["https:\/\/www.leimueller-silvesterlauf.at\/?page_id=254"]}]},{"@type":"BreadcrumbList","@id":"https:\/\/www.leimueller-silvesterlauf.at\/?page_id=254#breadcrumb","itemListElement":[{"@type":"ListItem","position":1,"name":"Startseite","item":"https:\/\/www.leimueller-silvesterlauf.at\/"},{"@type":"ListItem","position":2,"name":"Datenschutzerkl\u00e4rung"}]},{"@type":"WebSite","@id":"https:\/\/www.leimueller-silvesterlauf.at\/#website","url":"https:\/\/www.leimueller-silvesterlauf.at\/","name":"Leim\u00fcller Silvesterlauf","description":"in Seekirchen am Wallersee","publisher":{"@id":"https:\/\/www.leimueller-silvesterlauf.at\/#organization"},"potentialAction":[{"@type":"SearchAction","target":{"@type":"EntryPoint","urlTemplate":"https:\/\/www.leimueller-silvesterlauf.at\/?s={search_term_string}"},"query-input":"required name=search_term_string"}],"inLanguage":"de"},{"@type":"Organization","@id":"https:\/\/www.leimueller-silvesterlauf.at\/#organization","name":"Leim\u00fcller Silvesterlauf","url":"https:\/\/www.leimueller-silvesterlauf.at\/","logo":{"@type":"ImageObject","inLanguage":"de","@id":"https:\/\/www.leimueller-silvesterlauf.at\/#\/schema\/logo\/image\/","url":"https:\/\/www.leimueller-silvesterlauf.at\/wp-content\/uploads\/2020\/01\/Logo_Leimueller_Racing_Team_150x150-1.gif","contentUrl":"https:\/\/www.leimueller-silvesterlauf.at\/wp-content\/uploads\/2020\/01\/Logo_Leimueller_Racing_Team_150x150-1.gif","width":150,"height":150,"caption":"Leim\u00fcller Silvesterlauf"},"image":{"@id":"https:\/\/www.leimueller-silvesterlauf.at\/#\/schema\/logo\/image\/"}}]}},"_links":{"self":[{"href":"https:\/\/www.leimueller-silvesterlauf.at\/index.php?rest_route=\/wp\/v2\/pages\/254","targetHints":{"allow":["GET"]}}],"collection":[{"href":"https:\/\/www.leimueller-silvesterlauf.at\/index.php?rest_route=\/wp\/v2\/pages"}],"about":[{"href":"https:\/\/www.leimueller-silvesterlauf.at\/index.php?rest_route=\/wp\/v2\/types\/page"}],"author":[{"embeddable":true,"href":"https:\/\/www.leimueller-silvesterlauf.at\/index.php?rest_route=\/wp\/v2\/users\/1"}],"replies":[{"embeddable":true,"href":"https:\/\/www.leimueller-silvesterlauf.at\/index.php?rest_route=%2Fwp%2Fv2%2Fcomments&post=254"}],"version-history":[{"count":2,"href":"https:\/\/www.leimueller-silvesterlauf.at\/index.php?rest_route=\/wp\/v2\/pages\/254\/revisions"}],"predecessor-version":[{"id":256,"href":"https:\/\/www.leimueller-silvesterlauf.at\/index.php?rest_route=\/wp\/v2\/pages\/254\/revisions\/256"}],"wp:attachment":[{"href":"https:\/\/www.leimueller-silvesterlauf.at\/index.php?rest_route=%2Fwp%2Fv2%2Fmedia&parent=254"}],"curies":[{"name":"wp","href":"https:\/\/api.w.org\/{rel}","templated":true}]}}