{"id":349,"date":"2020-01-10T18:39:31","date_gmt":"2020-01-10T17:39:31","guid":{"rendered":"http:\/\/www.leimueller-silvesterlauf.at\/?page_id=349"},"modified":"2025-12-11T10:19:32","modified_gmt":"2025-12-11T09:19:32","slug":"information","status":"publish","type":"page","link":"https:\/\/www.leimueller-silvesterlauf.at\/?page_id=349","title":{"rendered":"Information"},"content":{"rendered":"\n<h4 class=\"wp-block-heading\"><strong>Silvesterbewerb in Seekirchen<\/strong><br><strong>am Mittwoch, 31. Dezember 2025 um 13:30 Uhr<\/strong>&nbsp;<\/h4>\n\n\n\n<p class=\"has-colibri-color-2-color has-text-color has-link-color wp-elements-de0764a3ad16d4ec240910f9f808952b\">WICHTIGER HINWEIS!<br>Die Voranmeldung ist wegen erreichen der max. Teilnehmeranzahl abgeschlossen. <\/p>\n\n\n\n<p class=\"has-colibri-color-2-color has-text-color has-link-color wp-elements-83d9a968c3e47bdf4fdbeedddc22264a\">Weihnachtsaktion! Am 23.12.2025 um 19:00 Uhr wird die Anmeldung f\u00fcr 24 Starter nochmal ge\u00f6ffnet.<\/p>\n\n\n\n<p class=\"has-colibri-color-2-color has-text-color has-link-color wp-elements-496d20a5e42145bec0c27b36d78b296e\">F\u00fcr sp\u00e4tentschlossene gibt es noch ein kleines Kontingent an Startnummern! Nachmeldung: 31.12. 2025 ab 10:30 bis 1 Std. vor dem Start!! Achtung!! nur ein kleines Kontingent verf\u00fcgbar! (Tipp: Die Startnummer so fr\u00fch wie m\u00f6glich abholen).&nbsp;Startnummernausgabe in der Mittelschulturnhalle! (hier sind auch die Umkleiden und die Siegerehrung)<\/p>\n\n\n\n<p><a href=\"https:\/\/my.raceresult.com\/341694\/registration\">ANMELDUNG<\/a><\/p>\n\n\n\n<figure class=\"wp-block-image size-large is-style-default\"><a href=\"http:\/\/www.leimueller-silvesterlauf.at\/wp-content\/uploads\/2020\/01\/2015_10_31_Schober_Peter_Herbert1.jpg\"><img loading=\"lazy\" decoding=\"async\" width=\"1024\" height=\"683\" src=\"http:\/\/www.leimueller-silvesterlauf.at\/wp-content\/uploads\/2020\/01\/2015_10_31_Schober_Peter_Herbert1-1024x683.jpg\" alt=\"\" class=\"wp-image-408\" srcset=\"https:\/\/www.leimueller-silvesterlauf.at\/wp-content\/uploads\/2020\/01\/2015_10_31_Schober_Peter_Herbert1-1024x683.jpg 1024w, https:\/\/www.leimueller-silvesterlauf.at\/wp-content\/uploads\/2020\/01\/2015_10_31_Schober_Peter_Herbert1-300x200.jpg 300w, https:\/\/www.leimueller-silvesterlauf.at\/wp-content\/uploads\/2020\/01\/2015_10_31_Schober_Peter_Herbert1-768x512.jpg 768w, https:\/\/www.leimueller-silvesterlauf.at\/wp-content\/uploads\/2020\/01\/2015_10_31_Schober_Peter_Herbert1-1536x1025.jpg 1536w, https:\/\/www.leimueller-silvesterlauf.at\/wp-content\/uploads\/2020\/01\/2015_10_31_Schober_Peter_Herbert1-2048x1366.jpg 2048w\" sizes=\"auto, (max-width: 1024px) 100vw, 1024px\" \/><\/a><\/figure>\n\n\n\n<p><strong>Leim\u00fcller Junior Silvester Race (2,7 km)<\/strong> <br>Auch heuer werden wir einen eigenen Nachwuchslauf, das \u201eLeim\u00fcller Junior Silvester Race\u201c f\u00fcr 8 bis 12-j\u00e4hrige organisieren.<br>Der Start ist so angesetzt, dass sich alle Teilnehmer des Leim\u00fcller Silvesterlaufes und die Zuseher schon mit der Anfeuerung unserer J\u00fcngsten in beste Stimmung bringen k\u00f6nnen.<br>Wichtig: auch beim \u201eLeim\u00fcller Junior Silvester Race\u201c soll vor allem der Spa\u00df und das gemeinsame Lauferlebnis im Vordergrund stehen. Mit diesem Lauf k\u00f6nnen die verschiedenen Jugendgruppen aus Vereinen, Schulen, Schulklassen, Sportvereinen usw. gemeinsam in den Jahresabschluss starten.<br>F\u00fcr ambitionierte Nachwuchssportler sind wie bisher die Jugendklassen beim Hauptlauf \u00fcber 5,4 km vorgesehen. (Doppelanmeldung ist <strong>NICHT<\/strong> m\u00f6glich\/erlaubt!!)<\/p>\n\n\n\n<ul class=\"wp-block-list\">\n<li><strong>Startzeit:<\/strong> 13:00 Uhr<\/li>\n\n\n\n<li><strong>Streckenl\u00e4nge:<\/strong> ca. 2,7 km &#8211; eine Silvesterlaufrunde<\/li>\n\n\n\n<li><strong>Nenngeb\u00fchr:<\/strong> \u20ac 10,&#8211; bis zum 30.11.2025 \/ \u20ac 13,&#8211; ab 1.12.2025 bis zum 29.12.2025 \/ ab 30.12.2025 Nachmeldegeb\u00fchr: \u20ac 2,&#8211; (Das gesamte Nenngeld aus diesem Lauf wird gespendet)<\/li>\n\n\n\n<li><strong>Wertung:<\/strong> Sch\u00fcler I Jahrgang 2015 bis 2017 m\/w (8-10 Jahre) Sch\u00fcler II Jahrgang 2013 und 2014 m\/w (11-12 Jahre)<\/li>\n<\/ul>\n\n\n\n<p><strong>Vorbereitungsl\u00e4ufe:<\/strong> <strong><mark style=\"background-color:rgba(0, 0, 0, 0)\" class=\"has-inline-color has-colibri-color-2-color\"><strong>Termine 21. + 28.12.2025,<\/strong><\/mark><\/strong> <strong><mark style=\"background-color:rgba(0, 0, 0, 0)\" class=\"has-inline-color has-colibri-color-2-color\"><strong>Treffpunkt: 10:00 Uhr beim Schulplatz vor der Volksschule, Teilnahme ist kostenlos!!!<\/strong><\/mark><\/strong><\/p>\n\n\n\n<h4 class=\"wp-block-heading\"><strong>RUN &amp; WALK f\u00fcr einen guten Zweck:<\/strong> <strong>Pro Starter spenden wir (mind.)  1 \u20ac <\/strong>unser bisherigen <a href=\"http:\/\/www.leimueller-silvesterlauf.at\/?page_id=387\">Spend<\/a><a href=\"http:\/\/www.leimueller-silvesterlauf.at\/?page_id=270\">en<\/a><\/h4>\n\n\n\n<h5 class=\"wp-block-heading\"><strong>Vereins-, Firmen- bzw. Teamwertung!<\/strong><\/h5>\n\n\n\n<h5 class=\"wp-block-heading\">3 Teilnehmer eines\/r Vereins, Firma oder Team kommen in die Wertung beim Silvesterlauf. Dabei ist wichtig, dass alle 3 Teilnehmer den gleichen Teamnamen und bei Teamwertung &#8222;ja&#8220; angeben! Die Gesamtzeit aller 3-Teaml\u00e4ufer werden addiert und in zu einer eigener Teamwertung zusammengefasst. (Wir freuen uns auf das Duell Reiter gegen Ruderer; Feuerwehr gegen Musik usw.) Spa\u00df ist garantiert &#8211; machen Sie mit!<\/h5>\n\n\n\n<p>&nbsp;Tolle Sachpreise f\u00fcr die gr\u00f6\u00dfte(n) Gruppe\/Verein! <\/p>\n\n\n\n<ul class=\"wp-block-list\">\n<li><strong>Startzeit:<\/strong> 13:30 Uhr<\/li>\n\n\n\n<li><strong>Streckenl\u00e4nge:<\/strong> ca. 5,4 km f\u00fcr Laufbewerb (2 Runden) und ca. 2,7 km Nordic-Walking (1 Runde)<\/li>\n\n\n\n<li><strong>Nenngeb\u00fchr:<\/strong> \u20ac 20,&#8211; bis zum 30.11.2025 \/ \u20ac 24,&#8211; ab 1.12.2025 bis zum 29.12.2025 \/ ab 30.12.2025 Nachmeldegeb\u00fchr: \u20ac 6,&#8211;<\/li>\n\n\n\n<li><strong>Startnummerausgabe\/Nachnennung:<\/strong> Mittwoch, 31.12. 2025 ab 10:30 bis 1\/2 Std. vor dem Start (Tipp: Um Stau bei der Ausgabe zu minimieren, Startnummer so fr\u00fch wie m\u00f6glich abholen)<br><\/li>\n\n\n\n<li><strong>Start<\/strong>: Bahnhofsstra\u00dfe auf H\u00f6he der Post <\/li>\n\n\n\n<li><strong>Ziel:<\/strong> direkt am Schulplatz (vor der Volksschule)<\/li>\n\n\n\n<li><strong>Streckenbeschreibung:<\/strong> flacher Kurs auf Asphalt, eventuell Schnee und Eis<\/li>\n\n\n\n<li><strong>Leistung des Veranstalters:<\/strong> Verpflegung w\u00e4hrend und nach dem Lauf, <br>Finisher-Los f\u00fcr die Tombola (einige Hauptpreise)<\/li>\n\n\n\n<li><strong>Teilnahmeberechtigt:<\/strong> Jeder der Spa\u00df am Laufen hat, auch ohne Vereinszugeh\u00f6rigkeit.<\/li>\n\n\n\n<li><strong>Preise:<\/strong> Preise f\u00fcr die Ersten drei je Klasse, Sonderpreis f\u00fcr die schnellste Dame und Herr im Laufbewerb<\/li>\n<\/ul>\n\n\n\n<h5 class=\"wp-block-heading\"><strong>Teilnehmeranzahl ist aus organisatorischen Gr\u00fcnden beschr\u00e4nkt auf 700 L\u00e4ufer &amp; Walker <\/strong>(fr\u00fches Anmelden sichert den Startplatz!)<\/h5>\n\n\n\n<ul class=\"wp-block-list\">\n<li><strong>Nennung bis 29.12.2025:<\/strong> (alle sp\u00e4teren Anmeldungen gelten als Nachnennung) auf dieser Homepage; eine Meldung via Telefon, per E-Mail, schriftlich usw. ist aus Organisationsgr\u00fcnden nicht m\u00f6glich.<\/li>\n\n\n\n<li><strong>Umkleiden\/WC\/Duschm\u00f6glichkeiten:<\/strong> lt. Beschilderung, in der Sportmittelschule-Sporthalle Seekirchen <\/li>\n\n\n\n<li><strong>Verpflegung:<\/strong> im Start und Zielbereich<\/li>\n\n\n\n<li><strong>Klasseneinteilung:<\/strong>\n<ul class=\"wp-block-list\">\n<li><em>Laufen:<\/em> Jugend A &#8211; 2012 und j\u00fcnger &#8211; m\/w Jugend B &#8211; 2011 bis 2006 &#8211; m\/w Allgemein &#8211; 2005 bis 1996 &#8211; m\/w M\/W 30 &#8211; 1995 bis 1986 M\/W 40 &#8211; 1985 bis 1976 M\/W 50 &#8211; 1975 bis 1966 M\/W 60 &#8211; 1965 bis 1956 &#8211; M\/W 70 &#8211; 1955 bis 1946 &#8211; M\/W 80 1945 und reifer<\/li>\n\n\n\n<li><em>Nordic-Walking:<\/em> ohne Altersklassen, je eine Damen und Herrenklasse &#8211; m\/w <\/li>\n<\/ul>\n<\/li>\n\n\n\n<li><strong>Startaufstellung Nordic- Walking:<\/strong> Die Nordic-Walker starten am Ende des Startfeldes jedoch zeitgleich mit den L\u00e4ufern.<\/li>\n\n\n\n<li><strong>Siegerehrung:<\/strong> Die Siegehrung findet um ca.15:00 Uhr in der Sportmittelschule-Sporthalle statt.<\/li>\n\n\n\n<li><strong>\u00c4rztliche Betreuung:<\/strong> Rotes Kreuz<\/li>\n\n\n\n<li><strong>Absicherung, Sperren:<\/strong> Ordnerdienste; Den Anweisungen des Ordnungsdienstes ist Folge zu leisten.<\/li>\n\n\n\n<li><strong>Zeitnehmung:<\/strong> Zeitnehmung ist eine <a href=\"http:\/\/www.leimueller-silvesterlauf.at\/?page_id=383\">Bruttozeitnehmu<\/a><a href=\"http:\/\/www.leimueller-silvesterlauf.at\/?page_id=793\">ng<\/a> mit Transponder (Chip) durch <a aria-label=\" (\u00f6ffnet in neuem Tab)\" href=\"http:\/\/www.lin-time.at\" target=\"_blank\" rel=\"noreferrer noopener\">lin-time.at <\/a><\/li>\n\n\n\n<li><strong>Informationen:<\/strong> Tel. Nr. 0699\/11 04 04 93<\/li>\n\n\n\n<li><strong>Veranstalter:<\/strong> Leim\u00fcller Racing Team<\/li>\n\n\n\n<li><strong>e-mail:<\/strong> silvesterlauf@gmx.at<\/li>\n\n\n\n<li>Wichtige Infos zum Lauf: F\u00fcr Jugendliche unter 18 Jahre ist eine Zustimmung des gesetzlichen Vertreters erforderlich. Au\u00dferdem erkl\u00e4rten die TeilnehmerInnen, dass sie ausreichend trainiert haben, k\u00f6rperlich gesund sind und der Gesundheitszustand \u00e4rztlich best\u00e4tigt wurde. Die TeilnehmerInnen sind einverstanden, dass die in der Anmeldung genannten Daten, die von ihnen im Zusammenhang mit ihrer Teilnahme am Silvesterlauf gemachten Fotos, Filmaufnahmen und Interviews in Rundfunk und Fernsehen, Internet, Werbung, B\u00fccher, fotomechanischen Vervielf\u00e4ltigungen \u2013 Filme, Videokassetten etc. \u2013 ohne Verg\u00fctungsanspr\u00fcche genutzt werden d\u00fcrfen. (Hinweis lt. <a href=\"http:\/\/www.leimueller-silvesterlauf.at\/?page_id=254\">Datenschutzgesetz<\/a>: Ihre Daten werden maschinell gespeichert.) Die Veranstaltung findet bei jeder Witterung statt.<\/li>\n\n\n\n<li>Haftung: Der Veranstalter kann f\u00fcr keinerlei Verlust, Verletzung oder Sch\u00e4den an irgendeiner Person oder Sache, welche Ursache auch immer, verantwortlich gemacht werden. Eine Haftung f\u00fcr abhanden gekommene Gegenst\u00e4nde wird nicht \u00fcbernommen.<\/li>\n\n\n\n<li><strong>Strecke:<\/strong><\/li>\n<\/ul>\n\n\n\n<figure class=\"wp-block-image size-full\"><img loading=\"lazy\" decoding=\"async\" width=\"727\" height=\"737\" src=\"http:\/\/www.leimueller-silvesterlauf.at\/wp-content\/uploads\/2024\/11\/Streckeplan1_2024.jpg\" alt=\"\" class=\"wp-image-934\" srcset=\"https:\/\/www.leimueller-silvesterlauf.at\/wp-content\/uploads\/2024\/11\/Streckeplan1_2024.jpg 727w, https:\/\/www.leimueller-silvesterlauf.at\/wp-content\/uploads\/2024\/11\/Streckeplan1_2024-296x300.jpg 296w\" sizes=\"auto, (max-width: 727px) 100vw, 727px\" \/><\/figure>\n\n\n\n<p>Wir freuen uns \u00fcber eine rege Beteiligung und viele Zuschauer!<\/p>\n","protected":false},"excerpt":{"rendered":"<p>Silvesterbewerb in Seekirchenam Mittwoch, 31. Dezember 2025 um 13:30 Uhr&nbsp; WICHTIGER HINWEIS!Die Voranmeldung ist wegen erreichen der max. Teilnehmeranzahl abgeschlossen. Weihnachtsaktion! Am 23.12.2025 um 19:00 Uhr wird die Anmeldung f\u00fcr 24 Starter nochmal ge\u00f6ffnet. F\u00fcr sp\u00e4tentschlossene gibt es noch ein kleines Kontingent an Startnummern! Nachmeldung: 31.12. 2025 ab 10:30 bis 1 Std. vor dem Start!! [&hellip;]<\/p>\n","protected":false},"author":1,"featured_media":0,"parent":0,"menu_order":0,"comment_status":"closed","ping_status":"closed","template":"","meta":{"footnotes":""},"class_list":["post-349","page","type-page","status-publish","hentry"],"yoast_head":"<!-- This site is optimized with the Yoast SEO plugin v19.13 - https:\/\/yoast.com\/wordpress\/plugins\/seo\/ -->\n<title>Information - Leim\u00fcller Silvesterlauf<\/title>\n<meta name=\"robots\" content=\"index, follow, max-snippet:-1, max-image-preview:large, max-video-preview:-1\" \/>\n<link rel=\"canonical\" href=\"http:\/\/www.leimueller-silvesterlauf.at\/?page_id=349\" \/>\n<meta property=\"og:locale\" content=\"de_DE\" \/>\n<meta property=\"og:type\" content=\"article\" \/>\n<meta property=\"og:title\" content=\"Information - Leim\u00fcller Silvesterlauf\" \/>\n<meta property=\"og:description\" content=\"Silvesterbewerb in Seekirchenam Mittwoch, 31. Dezember 2025 um 13:30 Uhr&nbsp; WICHTIGER HINWEIS!Die Voranmeldung ist wegen erreichen der max. Teilnehmeranzahl abgeschlossen. Weihnachtsaktion! Am 23.12.2025 um 19:00 Uhr wird die Anmeldung f\u00fcr 24 Starter nochmal ge\u00f6ffnet. F\u00fcr sp\u00e4tentschlossene gibt es noch ein kleines Kontingent an Startnummern! Nachmeldung: 31.12. 2025 ab 10:30 bis 1 Std. vor dem Start!! [&hellip;]\" \/>\n<meta property=\"og:url\" content=\"http:\/\/www.leimueller-silvesterlauf.at\/?page_id=349\" \/>\n<meta property=\"og:site_name\" content=\"Leim\u00fcller Silvesterlauf\" \/>\n<meta property=\"article:modified_time\" content=\"2025-12-11T09:19:32+00:00\" \/>\n<meta property=\"og:image\" content=\"http:\/\/www.leimueller-silvesterlauf.at\/wp-content\/uploads\/2020\/01\/2015_10_31_Schober_Peter_Herbert1-1024x683.jpg\" \/>\n<meta name=\"twitter:card\" content=\"summary_large_image\" \/>\n<meta name=\"twitter:label1\" content=\"Gesch\u00e4tzte Lesezeit\" \/>\n\t<meta name=\"twitter:data1\" content=\"5\u00a0Minuten\" \/>\n<script type=\"application\/ld+json\" class=\"yoast-schema-graph\">{\"@context\":\"https:\/\/schema.org\",\"@graph\":[{\"@type\":\"WebPage\",\"@id\":\"http:\/\/www.leimueller-silvesterlauf.at\/?page_id=349\",\"url\":\"http:\/\/www.leimueller-silvesterlauf.at\/?page_id=349\",\"name\":\"Information - Leim\u00fcller Silvesterlauf\",\"isPartOf\":{\"@id\":\"https:\/\/www.leimueller-silvesterlauf.at\/#website\"},\"datePublished\":\"2020-01-10T17:39:31+00:00\",\"dateModified\":\"2025-12-11T09:19:32+00:00\",\"breadcrumb\":{\"@id\":\"http:\/\/www.leimueller-silvesterlauf.at\/?page_id=349#breadcrumb\"},\"inLanguage\":\"de\",\"potentialAction\":[{\"@type\":\"ReadAction\",\"target\":[\"http:\/\/www.leimueller-silvesterlauf.at\/?page_id=349\"]}]},{\"@type\":\"BreadcrumbList\",\"@id\":\"http:\/\/www.leimueller-silvesterlauf.at\/?page_id=349#breadcrumb\",\"itemListElement\":[{\"@type\":\"ListItem\",\"position\":1,\"name\":\"Startseite\",\"item\":\"https:\/\/www.leimueller-silvesterlauf.at\/\"},{\"@type\":\"ListItem\",\"position\":2,\"name\":\"Information\"}]},{\"@type\":\"WebSite\",\"@id\":\"https:\/\/www.leimueller-silvesterlauf.at\/#website\",\"url\":\"https:\/\/www.leimueller-silvesterlauf.at\/\",\"name\":\"Leim\u00fcller Silvesterlauf\",\"description\":\"in Seekirchen am Wallersee\",\"publisher\":{\"@id\":\"https:\/\/www.leimueller-silvesterlauf.at\/#organization\"},\"potentialAction\":[{\"@type\":\"SearchAction\",\"target\":{\"@type\":\"EntryPoint\",\"urlTemplate\":\"https:\/\/www.leimueller-silvesterlauf.at\/?s={search_term_string}\"},\"query-input\":\"required name=search_term_string\"}],\"inLanguage\":\"de\"},{\"@type\":\"Organization\",\"@id\":\"https:\/\/www.leimueller-silvesterlauf.at\/#organization\",\"name\":\"Leim\u00fcller Silvesterlauf\",\"url\":\"https:\/\/www.leimueller-silvesterlauf.at\/\",\"logo\":{\"@type\":\"ImageObject\",\"inLanguage\":\"de\",\"@id\":\"https:\/\/www.leimueller-silvesterlauf.at\/#\/schema\/logo\/image\/\",\"url\":\"https:\/\/www.leimueller-silvesterlauf.at\/wp-content\/uploads\/2020\/01\/Logo_Leimueller_Racing_Team_150x150-1.gif\",\"contentUrl\":\"https:\/\/www.leimueller-silvesterlauf.at\/wp-content\/uploads\/2020\/01\/Logo_Leimueller_Racing_Team_150x150-1.gif\",\"width\":150,\"height\":150,\"caption\":\"Leim\u00fcller Silvesterlauf\"},\"image\":{\"@id\":\"https:\/\/www.leimueller-silvesterlauf.at\/#\/schema\/logo\/image\/\"}}]}<\/script>\n<!-- \/ Yoast SEO plugin. -->","yoast_head_json":{"title":"Information - Leim\u00fcller Silvesterlauf","robots":{"index":"index","follow":"follow","max-snippet":"max-snippet:-1","max-image-preview":"max-image-preview:large","max-video-preview":"max-video-preview:-1"},"canonical":"http:\/\/www.leimueller-silvesterlauf.at\/?page_id=349","og_locale":"de_DE","og_type":"article","og_title":"Information - Leim\u00fcller Silvesterlauf","og_description":"Silvesterbewerb in Seekirchenam Mittwoch, 31. Dezember 2025 um 13:30 Uhr&nbsp; WICHTIGER HINWEIS!Die Voranmeldung ist wegen erreichen der max. Teilnehmeranzahl abgeschlossen. Weihnachtsaktion! Am 23.12.2025 um 19:00 Uhr wird die Anmeldung f\u00fcr 24 Starter nochmal ge\u00f6ffnet. F\u00fcr sp\u00e4tentschlossene gibt es noch ein kleines Kontingent an Startnummern! Nachmeldung: 31.12. 2025 ab 10:30 bis 1 Std. vor dem Start!! [&hellip;]","og_url":"http:\/\/www.leimueller-silvesterlauf.at\/?page_id=349","og_site_name":"Leim\u00fcller Silvesterlauf","article_modified_time":"2025-12-11T09:19:32+00:00","og_image":[{"url":"http:\/\/www.leimueller-silvesterlauf.at\/wp-content\/uploads\/2020\/01\/2015_10_31_Schober_Peter_Herbert1-1024x683.jpg"}],"twitter_card":"summary_large_image","twitter_misc":{"Gesch\u00e4tzte Lesezeit":"5\u00a0Minuten"},"schema":{"@context":"https:\/\/schema.org","@graph":[{"@type":"WebPage","@id":"http:\/\/www.leimueller-silvesterlauf.at\/?page_id=349","url":"http:\/\/www.leimueller-silvesterlauf.at\/?page_id=349","name":"Information - Leim\u00fcller Silvesterlauf","isPartOf":{"@id":"https:\/\/www.leimueller-silvesterlauf.at\/#website"},"datePublished":"2020-01-10T17:39:31+00:00","dateModified":"2025-12-11T09:19:32+00:00","breadcrumb":{"@id":"http:\/\/www.leimueller-silvesterlauf.at\/?page_id=349#breadcrumb"},"inLanguage":"de","potentialAction":[{"@type":"ReadAction","target":["http:\/\/www.leimueller-silvesterlauf.at\/?page_id=349"]}]},{"@type":"BreadcrumbList","@id":"http:\/\/www.leimueller-silvesterlauf.at\/?page_id=349#breadcrumb","itemListElement":[{"@type":"ListItem","position":1,"name":"Startseite","item":"https:\/\/www.leimueller-silvesterlauf.at\/"},{"@type":"ListItem","position":2,"name":"Information"}]},{"@type":"WebSite","@id":"https:\/\/www.leimueller-silvesterlauf.at\/#website","url":"https:\/\/www.leimueller-silvesterlauf.at\/","name":"Leim\u00fcller Silvesterlauf","description":"in Seekirchen am Wallersee","publisher":{"@id":"https:\/\/www.leimueller-silvesterlauf.at\/#organization"},"potentialAction":[{"@type":"SearchAction","target":{"@type":"EntryPoint","urlTemplate":"https:\/\/www.leimueller-silvesterlauf.at\/?s={search_term_string}"},"query-input":"required name=search_term_string"}],"inLanguage":"de"},{"@type":"Organization","@id":"https:\/\/www.leimueller-silvesterlauf.at\/#organization","name":"Leim\u00fcller Silvesterlauf","url":"https:\/\/www.leimueller-silvesterlauf.at\/","logo":{"@type":"ImageObject","inLanguage":"de","@id":"https:\/\/www.leimueller-silvesterlauf.at\/#\/schema\/logo\/image\/","url":"https:\/\/www.leimueller-silvesterlauf.at\/wp-content\/uploads\/2020\/01\/Logo_Leimueller_Racing_Team_150x150-1.gif","contentUrl":"https:\/\/www.leimueller-silvesterlauf.at\/wp-content\/uploads\/2020\/01\/Logo_Leimueller_Racing_Team_150x150-1.gif","width":150,"height":150,"caption":"Leim\u00fcller Silvesterlauf"},"image":{"@id":"https:\/\/www.leimueller-silvesterlauf.at\/#\/schema\/logo\/image\/"}}]}},"_links":{"self":[{"href":"https:\/\/www.leimueller-silvesterlauf.at\/index.php?rest_route=\/wp\/v2\/pages\/349","targetHints":{"allow":["GET"]}}],"collection":[{"href":"https:\/\/www.leimueller-silvesterlauf.at\/index.php?rest_route=\/wp\/v2\/pages"}],"about":[{"href":"https:\/\/www.leimueller-silvesterlauf.at\/index.php?rest_route=\/wp\/v2\/types\/page"}],"author":[{"embeddable":true,"href":"https:\/\/www.leimueller-silvesterlauf.at\/index.php?rest_route=\/wp\/v2\/users\/1"}],"replies":[{"embeddable":true,"href":"https:\/\/www.leimueller-silvesterlauf.at\/index.php?rest_route=%2Fwp%2Fv2%2Fcomments&post=349"}],"version-history":[{"count":82,"href":"https:\/\/www.leimueller-silvesterlauf.at\/index.php?rest_route=\/wp\/v2\/pages\/349\/revisions"}],"predecessor-version":[{"id":1158,"href":"https:\/\/www.leimueller-silvesterlauf.at\/index.php?rest_route=\/wp\/v2\/pages\/349\/revisions\/1158"}],"wp:attachment":[{"href":"https:\/\/www.leimueller-silvesterlauf.at\/index.php?rest_route=%2Fwp%2Fv2%2Fmedia&parent=349"}],"curies":[{"name":"wp","href":"https:\/\/api.w.org\/{rel}","templated":true}]}}