{"id":97,"date":"2020-01-09T18:19:15","date_gmt":"2020-01-09T17:19:15","guid":{"rendered":"http:\/\/www.leimueller-silvesterlauf.at\/?page_id=97"},"modified":"2026-01-01T22:35:50","modified_gmt":"2026-01-01T21:35:50","slug":"colibri-wp","status":"publish","type":"page","link":"https:\/\/www.leimueller-silvesterlauf.at\/","title":{"rendered":"Leim\u00fcller Silvesterlauf"},"content":{"rendered":"<div data-colibri-id=\"97-c1\" class=\"style-173 style-local-97-c1 position-relative\">\n  <!---->\n  <div data-colibri-component=\"section\" data-colibri-id=\"97-c2\" id=\"overlappable\" class=\"h-section h-section-global-spacing d-flex align-items-lg-center align-items-md-center align-items-center style-174 style-local-97-c2 position-relative\">\n    <!---->\n    <!---->\n    <div class=\"h-section-grid-container h-section-boxed-container\">\n      <!---->\n      <div data-colibri-id=\"97-c3\" class=\"h-row-container gutters-row-lg-0 gutters-row-md-0 gutters-row-2 gutters-row-v-lg-0 gutters-row-v-md-0 gutters-row-v-2 style-175 style-local-97-c3 position-relative\">\n        <!---->\n        <div class=\"h-row justify-content-lg-center justify-content-md-center justify-content-center align-items-lg-stretch align-items-md-stretch align-items-stretch gutters-col-lg-0 gutters-col-md-0 gutters-col-2 gutters-col-v-lg-0 gutters-col-v-md-0 gutters-col-v-2\">\n          <!---->\n          <div class=\"h-column h-column-container d-flex h-col-lg-3 h-col-md-3 h-col-12 style-176-outer style-local-97-c4-outer\">\n            <div data-colibri-id=\"97-c4\" class=\"d-flex h-flex-basis h-column__inner h-px-lg-3 h-px-md-3 h-px-2 v-inner-lg-3 v-inner-md-3 v-inner-2 style-176 style-local-97-c4 position-relative\">\n              <!---->\n              <!---->\n              <div class=\"w-100 h-y-container h-column__content h-column__v-align flex-basis-100 align-self-lg-center align-self-md-center align-self-center\">\n                <!---->\n                <div data-colibri-id=\"97-c5\" class=\"h-icon style-177 style-local-97-c5 position-relative h-element\">\n                  <!---->\n                  <a href=\"http:\/\/www.leimueller-silvesterlauf.at\/?page_id=349\" h-use-smooth-scroll=\"true\"><span class=\"h-svg-icon h-icon__icon style-177-icon style-local-97-c5-icon\"><!--Icon by Font Awesome (https:\/\/fontawesome.com)-->\n    <svg version=\"1.1\" xmlns=\"http:\/\/www.w3.org\/2000\/svg\" xmlns:xlink=\"http:\/\/www.w3.org\/1999\/xlink\" id=\"info\" viewBox=\"0 0 1011.9142 1896.0833\">\n      <path d=\"M640 1344v128q0 26-19 45t-45 19H64q-26 0-45-19t-19-45v-128q0-26 19-45t45-19h64V896H64q-26 0-45-19T0 832V704q0-26 19-45t45-19h384q26 0 45 19t19 45v576h64q26 0 45 19t19 45zM512 192v192q0 26-19 45t-45 19H192q-26 0-45-19t-19-45V192q0-26 19-45t45-19h256q26 0 45 19t19 45z\"><\/path>\n    <\/svg><\/span><\/a>\n                <\/div>\n                <div data-colibri-id=\"97-c6\" class=\"h-global-transition-all h-heading style-178 style-local-97-c6 position-relative h-element\">\n                  <!---->\n                  <div class=\"h-heading__outer style-178 style-local-97-c6\">\n                    <!---->\n                    <!---->\n                    <a href=\"http:\/\/www.leimueller-silvesterlauf.at\/?page_id=349\" h-use-smooth-scroll=\"true\">\n                      <h5 class=\"\">Information <\/h5>\n                    <\/a>\n                  <\/div>\n                <\/div>\n                <div data-colibri-id=\"97-c7\" class=\"h-text h-text-component style-179 style-local-97-c7 position-relative h-element\">\n                  <!---->\n                  <!---->\n                  <div class=\"\">\n                    <p>19. Leim\u00fcller Silvesterlauf 31.12.2025\n                      <br>\n                    <\/p>\n                  <\/div>\n                <\/div>\n              <\/div>\n            <\/div>\n          <\/div>\n          <div class=\"h-column h-column-container d-flex h-col-lg-3 h-col-md-3 h-col-12 style-176-outer style-local-97-c8-outer\">\n            <div data-colibri-id=\"97-c8\" class=\"d-flex h-flex-basis h-column__inner h-px-lg-3 h-px-md-3 h-px-2 v-inner-lg-3 v-inner-md-3 v-inner-2 style-176 style-local-97-c8 position-relative\">\n              <!---->\n              <!---->\n              <div class=\"w-100 h-y-container h-column__content h-column__v-align flex-basis-100 align-self-lg-center align-self-md-center align-self-center\">\n                <!---->\n                <div data-colibri-id=\"97-c9\" class=\"h-icon style-177 style-local-97-c9 position-relative h-element\">\n                  <!---->\n                  <a href=\"http:\/\/www.leimueller-silvesterlauf.at\/?page_id=56\" h-use-smooth-scroll=\"true\"><span class=\"h-svg-icon h-icon__icon style-177-icon style-local-97-c9-icon\"><!--Icon by Font Awesome (https:\/\/fontawesome.com)-->\n    <svg version=\"1.1\" xmlns=\"http:\/\/www.w3.org\/2000\/svg\" xmlns:xlink=\"http:\/\/www.w3.org\/1999\/xlink\" id=\"trophy\" viewBox=\"0 0 1664 1896.0833\">\n      <path d=\"M458 883q-74-162-74-371H128v96q0 78 94.5 162T458 883zm1078-275v-96h-256q0 209-74 371 141-29 235.5-113t94.5-162zm128-128v128q0 71-41.5 143t-112 130-173 97.5T1122 1023q-42 54-95 95-38 34-52.5 72.5T960 1280q0 54 30.5 91t97.5 37q75 0 133.5 45.5T1280 1568v64q0 14-9 23t-23 9H416q-14 0-23-9t-9-23v-64q0-69 58.5-114.5T576 1408q67 0 97.5-37t30.5-91q0-51-14.5-89.5T637 1118q-53-41-95-95-113-5-215.5-44.5t-173-97.5-112-130T0 608V480q0-40 28-68t68-28h288v-96q0-66 47-113t113-47h576q66 0 113 47t47 113v96h288q40 0 68 28t28 68z\"><\/path>\n    <\/svg><\/span><\/a>\n                <\/div>\n                <div data-colibri-id=\"97-c10\" class=\"h-global-transition-all h-heading style-178 style-local-97-c10 position-relative h-element\">\n                  <!---->\n                  <div class=\"h-heading__outer style-178 style-local-97-c10\">\n                    <!---->\n                    <!---->\n                    <a href=\"http:\/\/www.leimueller-silvesterlauf.at\/?page_id=56\" h-use-smooth-scroll=\"true\">\n                      <h5 class=\"\">Ergebnisse<\/h5>\n                    <\/a>\n                  <\/div>\n                <\/div>\n                <div data-colibri-id=\"97-c11\" class=\"h-text h-text-component style-179 style-local-97-c11 position-relative h-element\">\n                  <!---->\n                  <!---->\n                  <div class=\"\">\n                    <p>Ergebnislisten und Urkunden\n                      <br>\n                    <\/p>\n                  <\/div>\n                <\/div>\n              <\/div>\n            <\/div>\n          <\/div>\n          <div class=\"h-column h-column-container d-flex h-col-lg-3 h-col-md-3 h-col-12 style-176-outer style-local-97-c12-outer\">\n            <div data-colibri-id=\"97-c12\" class=\"d-flex h-flex-basis h-column__inner h-px-lg-3 h-px-md-3 h-px-2 v-inner-lg-3 v-inner-md-3 v-inner-2 style-176 style-local-97-c12 position-relative\">\n              <!---->\n              <!---->\n              <div class=\"w-100 h-y-container h-column__content h-column__v-align flex-basis-100 align-self-lg-center align-self-md-center align-self-center\">\n                <!---->\n                <div data-colibri-id=\"97-c13\" class=\"h-icon style-177 style-local-97-c13 position-relative h-element\">\n                  <!---->\n                  <a href=\"http:\/\/www.leimueller-silvesterlauf.at\/?page_id=51\" h-use-smooth-scroll=\"true\"><span class=\"h-svg-icon h-icon__icon style-177-icon style-local-97-c13-icon\"><!--Icon by Font Awesome (https:\/\/fontawesome.com)-->\n    <svg version=\"1.1\" xmlns=\"http:\/\/www.w3.org\/2000\/svg\" xmlns:xlink=\"http:\/\/www.w3.org\/1999\/xlink\" id=\"camera\" viewBox=\"0 0 1920 1896.0833\">\n      <path d=\"M960 672q119 0 203.5 84.5T1248 960t-84.5 203.5T960 1248t-203.5-84.5T672 960t84.5-203.5T960 672zm704-416q106 0 181 75t75 181v896q0 106-75 181t-181 75H256q-106 0-181-75T0 1408V512q0-106 75-181t181-75h224l51-136q19-49 69.5-84.5T704 0h512q53 0 103.5 35.5T1389 120l51 136h224zM960 1408q185 0 316.5-131.5T1408 960t-131.5-316.5T960 512 643.5 643.5 512 960t131.5 316.5T960 1408z\"><\/path>\n    <\/svg><\/span><\/a>\n                <\/div>\n                <div data-colibri-id=\"97-c14\" class=\"h-global-transition-all h-heading style-178 style-local-97-c14 position-relative h-element\">\n                  <!---->\n                  <div class=\"h-heading__outer style-178 style-local-97-c14\">\n                    <!---->\n                    <!---->\n                    <a href=\"http:\/\/www.leimueller-silvesterlauf.at\/?page_id=51\" h-use-smooth-scroll=\"true\">\n                      <h5 class=\"\">Fotos<\/h5>\n                    <\/a>\n                  <\/div>\n                <\/div>\n                <div data-colibri-id=\"97-c15\" class=\"h-text h-text-component style-179 style-local-97-c15 position-relative h-element\">\n                  <!---->\n                  <!---->\n                  <div class=\"\">\n                    <p>Fotos von der Veranstaltung\n                      <br>\n                    <\/p>\n                  <\/div>\n                <\/div>\n              <\/div>\n            <\/div>\n          <\/div>\n          <div class=\"h-column h-column-container d-flex h-col-lg-3 h-col-md-3 h-col-12 style-180-outer style-local-97-c16-outer\">\n            <div data-colibri-id=\"97-c16\" class=\"d-flex h-flex-basis h-column__inner h-px-lg-3 h-px-md-3 h-px-2 v-inner-lg-3 v-inner-md-3 v-inner-2 style-180 style-local-97-c16 position-relative\">\n              <!---->\n              <!---->\n              <div class=\"w-100 h-y-container h-column__content h-column__v-align flex-basis-100 align-self-lg-center align-self-md-center align-self-center\">\n                <!---->\n                <div data-colibri-id=\"97-c17\" class=\"h-icon style-177 style-local-97-c17 position-relative h-element\">\n                  <!---->\n                  <a href=\"http:\/\/www.leimueller-silvesterlauf.at\/?page_id=221\" h-use-smooth-scroll=\"true\"><span class=\"h-svg-icon h-icon__icon style-177-icon style-local-97-c17-icon\"><!--Icon by Font Awesome (https:\/\/fontawesome.com)-->\n    <svg version=\"1.1\" xmlns=\"http:\/\/www.w3.org\/2000\/svg\" xmlns:xlink=\"http:\/\/www.w3.org\/1999\/xlink\" id=\"video-camera\" viewBox=\"0 0 1792 1896.0833\">\n      <path d=\"M1792 352v1088q0 42-39 59-13 5-25 5-27 0-45-19l-403-403v166q0 119-84.5 203.5T992 1536H288q-119 0-203.5-84.5T0 1248V544q0-119 84.5-203.5T288 256h704q119 0 203.5 84.5T1280 544v165l403-402q18-19 45-19 12 0 25 5 39 17 39 59z\"><\/path>\n    <\/svg><\/span><\/a>\n                <\/div>\n                <div data-colibri-id=\"97-c18\" class=\"h-global-transition-all h-heading style-178 style-local-97-c18 position-relative h-element\">\n                  <!---->\n                  <div class=\"h-heading__outer style-178 style-local-97-c18\">\n                    <!---->\n                    <!---->\n                    <a href=\"http:\/\/www.leimueller-silvesterlauf.at\/?page_id=221\" h-use-smooth-scroll=\"true\">\n                      <h5 class=\"\">Video<\/h5>\n                    <\/a>\n                  <\/div>\n                <\/div>\n                <div data-colibri-id=\"97-c19\" class=\"h-text h-text-component style-179 style-local-97-c19 position-relative h-element\">\n                  <!---->\n                  <!---->\n                  <div class=\"\">\n                    <p>Videos vom Start und Zieleinlauf\n                      <br>\n                    <\/p>\n                  <\/div>\n                <\/div>\n              <\/div>\n            <\/div>\n          <\/div>\n        <\/div>\n      <\/div>\n    <\/div>\n  <\/div>\n  <div data-colibri-component=\"section\" data-colibri-id=\"97-c20\" id=\"spende\" class=\"h-section h-section-global-spacing d-flex align-items-lg-center align-items-md-center align-items-center style-181 style-local-97-c20 position-relative\">\n    <!---->\n    <!---->\n    <div class=\"h-section-grid-container h-section-boxed-container\">\n      <!---->\n      <div data-colibri-id=\"97-c21\" class=\"h-row-container gutters-row-lg-0 gutters-row-md-0 gutters-row-0 gutters-row-v-lg-0 gutters-row-v-md-0 gutters-row-v-0 style-182 style-local-97-c21 position-relative\">\n        <!---->\n        <div class=\"h-row justify-content-lg-center justify-content-md-center justify-content-center align-items-lg-stretch align-items-md-stretch align-items-stretch gutters-col-lg-0 gutters-col-md-0 gutters-col-0 gutters-col-v-lg-0 gutters-col-v-md-0 gutters-col-v-0\">\n          <!---->\n          <div class=\"h-column h-column-container d-flex h-col-lg-auto h-col-md-auto h-col-auto style-183-outer style-local-97-c22-outer\">\n            <div data-colibri-id=\"97-c22\" class=\"d-flex h-flex-basis h-column__inner h-px-lg-0 h-px-md-0 h-px-0 v-inner-lg-0 v-inner-md-0 v-inner-0 style-183 style-local-97-c22 position-relative\">\n              <!---->\n              <!---->\n              <div class=\"w-100 h-y-container h-column__content h-column__v-align flex-basis-100 align-self-lg-start align-self-md-start align-self-start\">\n                <!---->\n                <div data-colibri-id=\"97-c23\" class=\"h-global-transition-all h-heading style-184 style-local-97-c23 position-relative h-element\">\n                  <!---->\n                  <div class=\"h-heading__outer style-184 style-local-97-c23\">\n                    <!---->\n                    <!---->\n                    <h5 class=\"\">Spende 2025<\/h5>\n                  <\/div>\n                <\/div>\n                <div data-colibri-id=\"97-c24\" class=\"h-global-transition-all h-heading style-185 style-local-97-c24 position-relative h-element\">\n                  <!---->\n                  <div class=\"h-heading__outer style-185 style-local-97-c24\">\n                    <!---->\n                    <!---->\n                    <h2 class=\"\">Rolling home Initiative frei:raum Rollstuhl<\/h2>\n                  <\/div>\n                <\/div>\n                <div data-colibri-id=\"97-c25\" class=\"h-text h-text-component style-186 style-local-97-c25 position-relative h-element\">\n                  <!---->\n                  <!---->\n                  <div class=\"\">\n                    <p>\n                      <br>\n                    <\/p>\n                    <p>\n                      <br>\n                    <\/p>\n                    <p>\n                      <br>\n                    <\/p>\n                    <p>\n                      <br>\n                    <\/p>\n                  <\/div>\n                <\/div>\n              <\/div>\n            <\/div>\n          <\/div>\n          <div class=\"h-column h-column-container d-flex h-col-lg-auto h-col-md-auto h-col-auto style-187-outer style-local-97-c26-outer\">\n            <div data-colibri-id=\"97-c26\" class=\"d-flex h-flex-basis h-column__inner h-ui-empty-state-container h-px-lg-2 h-px-md-2 h-px-2 v-inner-lg-2 v-inner-md-2 v-inner-2 style-187 style-local-97-c26 position-relative\">\n              <!---->\n              <!---->\n              <div class=\"w-100 h-y-container h-column__content h-column__v-align flex-basis-100\">\n                <!---->\n              <\/div>\n            <\/div>\n          <\/div>\n        <\/div>\n      <\/div>\n    <\/div>\n  <\/div>\n<\/div>","protected":false},"excerpt":{"rendered":"<p>Information 19. Leim\u00fcller Silvesterlauf 31.12.2025 Ergebnisse Ergebnislisten und Urkunden Fotos Fotos von der Veranstaltung Video Videos vom Start und Zieleinlauf Spende 2025 Rolling home Initiative frei:raum Rollstuhl<\/p>\n","protected":false},"author":1,"featured_media":0,"parent":0,"menu_order":0,"comment_status":"closed","ping_status":"closed","template":"page-templates\/homepage.php","meta":{"footnotes":""},"class_list":["post-97","page","type-page","status-publish","hentry"],"yoast_head":"<!-- This site is optimized with the Yoast SEO plugin v27.4 - https:\/\/yoast.com\/product\/yoast-seo-wordpress\/ -->\n<title>Leim\u00fcller Silvesterlauf - Leim\u00fcller Silvesterlauf<\/title>\n<meta name=\"robots\" content=\"index, follow, max-snippet:-1, max-image-preview:large, max-video-preview:-1\" \/>\n<link rel=\"canonical\" href=\"http:\/\/www.leimueller-silvesterlauf.at\/\" \/>\n<meta property=\"og:locale\" content=\"de_DE\" \/>\n<meta property=\"og:type\" content=\"article\" \/>\n<meta property=\"og:title\" content=\"Leim\u00fcller Silvesterlauf - Leim\u00fcller Silvesterlauf\" \/>\n<meta property=\"og:description\" content=\"Information 19. Leim\u00fcller Silvesterlauf 31.12.2025 Ergebnisse Ergebnislisten und Urkunden Fotos Fotos von der Veranstaltung Video Videos vom Start und Zieleinlauf Spende 2025 Rolling home Initiative frei:raum Rollstuhl\" \/>\n<meta property=\"og:url\" content=\"http:\/\/www.leimueller-silvesterlauf.at\/\" \/>\n<meta property=\"og:site_name\" content=\"Leim\u00fcller Silvesterlauf\" \/>\n<meta property=\"article:modified_time\" content=\"2026-01-01T21:35:50+00:00\" \/>\n<meta name=\"twitter:card\" content=\"summary_large_image\" \/>\n<meta name=\"twitter:label1\" content=\"Gesch\u00e4tzte Lesezeit\" \/>\n\t<meta name=\"twitter:data1\" content=\"1\u00a0Minute\" \/>\n<script type=\"application\/ld+json\" class=\"yoast-schema-graph\">{\"@context\":\"https:\\\/\\\/schema.org\",\"@graph\":[{\"@type\":\"WebPage\",\"@id\":\"http:\\\/\\\/www.leimueller-silvesterlauf.at\\\/\",\"url\":\"http:\\\/\\\/www.leimueller-silvesterlauf.at\\\/\",\"name\":\"Leim\u00fcller Silvesterlauf - Leim\u00fcller Silvesterlauf\",\"isPartOf\":{\"@id\":\"http:\\\/\\\/www.leimueller-silvesterlauf.at\\\/#website\"},\"datePublished\":\"2020-01-09T17:19:15+00:00\",\"dateModified\":\"2026-01-01T21:35:50+00:00\",\"breadcrumb\":{\"@id\":\"http:\\\/\\\/www.leimueller-silvesterlauf.at\\\/#breadcrumb\"},\"inLanguage\":\"de\",\"potentialAction\":[{\"@type\":\"ReadAction\",\"target\":[\"http:\\\/\\\/www.leimueller-silvesterlauf.at\\\/\"]}]},{\"@type\":\"BreadcrumbList\",\"@id\":\"http:\\\/\\\/www.leimueller-silvesterlauf.at\\\/#breadcrumb\",\"itemListElement\":[{\"@type\":\"ListItem\",\"position\":1,\"name\":\"Startseite\",\"item\":\"http:\\\/\\\/www.leimueller-silvesterlauf.at\\\/\"},{\"@type\":\"ListItem\",\"position\":2,\"name\":\"Leim\u00fcller Silvesterlauf\"}]},{\"@type\":\"WebSite\",\"@id\":\"http:\\\/\\\/www.leimueller-silvesterlauf.at\\\/#website\",\"url\":\"http:\\\/\\\/www.leimueller-silvesterlauf.at\\\/\",\"name\":\"Leim\u00fcller Silvesterlauf\",\"description\":\"in Seekirchen am Wallersee\",\"publisher\":{\"@id\":\"http:\\\/\\\/www.leimueller-silvesterlauf.at\\\/#organization\"},\"potentialAction\":[{\"@type\":\"SearchAction\",\"target\":{\"@type\":\"EntryPoint\",\"urlTemplate\":\"http:\\\/\\\/www.leimueller-silvesterlauf.at\\\/?s={search_term_string}\"},\"query-input\":{\"@type\":\"PropertyValueSpecification\",\"valueRequired\":true,\"valueName\":\"search_term_string\"}}],\"inLanguage\":\"de\"},{\"@type\":\"Organization\",\"@id\":\"http:\\\/\\\/www.leimueller-silvesterlauf.at\\\/#organization\",\"name\":\"Leim\u00fcller Silvesterlauf\",\"url\":\"http:\\\/\\\/www.leimueller-silvesterlauf.at\\\/\",\"logo\":{\"@type\":\"ImageObject\",\"inLanguage\":\"de\",\"@id\":\"http:\\\/\\\/www.leimueller-silvesterlauf.at\\\/#\\\/schema\\\/logo\\\/image\\\/\",\"url\":\"https:\\\/\\\/www.leimueller-silvesterlauf.at\\\/wp-content\\\/uploads\\\/2020\\\/01\\\/Logo_Leimueller_Racing_Team_150x150-1.gif\",\"contentUrl\":\"https:\\\/\\\/www.leimueller-silvesterlauf.at\\\/wp-content\\\/uploads\\\/2020\\\/01\\\/Logo_Leimueller_Racing_Team_150x150-1.gif\",\"width\":150,\"height\":150,\"caption\":\"Leim\u00fcller Silvesterlauf\"},\"image\":{\"@id\":\"http:\\\/\\\/www.leimueller-silvesterlauf.at\\\/#\\\/schema\\\/logo\\\/image\\\/\"}}]}<\/script>\n<!-- \/ Yoast SEO plugin. -->","yoast_head_json":{"title":"Leim\u00fcller Silvesterlauf - Leim\u00fcller Silvesterlauf","robots":{"index":"index","follow":"follow","max-snippet":"max-snippet:-1","max-image-preview":"max-image-preview:large","max-video-preview":"max-video-preview:-1"},"canonical":"http:\/\/www.leimueller-silvesterlauf.at\/","og_locale":"de_DE","og_type":"article","og_title":"Leim\u00fcller Silvesterlauf - Leim\u00fcller Silvesterlauf","og_description":"Information 19. Leim\u00fcller Silvesterlauf 31.12.2025 Ergebnisse Ergebnislisten und Urkunden Fotos Fotos von der Veranstaltung Video Videos vom Start und Zieleinlauf Spende 2025 Rolling home Initiative frei:raum Rollstuhl","og_url":"http:\/\/www.leimueller-silvesterlauf.at\/","og_site_name":"Leim\u00fcller Silvesterlauf","article_modified_time":"2026-01-01T21:35:50+00:00","twitter_card":"summary_large_image","twitter_misc":{"Gesch\u00e4tzte Lesezeit":"1\u00a0Minute"},"schema":{"@context":"https:\/\/schema.org","@graph":[{"@type":"WebPage","@id":"http:\/\/www.leimueller-silvesterlauf.at\/","url":"http:\/\/www.leimueller-silvesterlauf.at\/","name":"Leim\u00fcller Silvesterlauf - Leim\u00fcller Silvesterlauf","isPartOf":{"@id":"http:\/\/www.leimueller-silvesterlauf.at\/#website"},"datePublished":"2020-01-09T17:19:15+00:00","dateModified":"2026-01-01T21:35:50+00:00","breadcrumb":{"@id":"http:\/\/www.leimueller-silvesterlauf.at\/#breadcrumb"},"inLanguage":"de","potentialAction":[{"@type":"ReadAction","target":["http:\/\/www.leimueller-silvesterlauf.at\/"]}]},{"@type":"BreadcrumbList","@id":"http:\/\/www.leimueller-silvesterlauf.at\/#breadcrumb","itemListElement":[{"@type":"ListItem","position":1,"name":"Startseite","item":"http:\/\/www.leimueller-silvesterlauf.at\/"},{"@type":"ListItem","position":2,"name":"Leim\u00fcller Silvesterlauf"}]},{"@type":"WebSite","@id":"http:\/\/www.leimueller-silvesterlauf.at\/#website","url":"http:\/\/www.leimueller-silvesterlauf.at\/","name":"Leim\u00fcller Silvesterlauf","description":"in Seekirchen am Wallersee","publisher":{"@id":"http:\/\/www.leimueller-silvesterlauf.at\/#organization"},"potentialAction":[{"@type":"SearchAction","target":{"@type":"EntryPoint","urlTemplate":"http:\/\/www.leimueller-silvesterlauf.at\/?s={search_term_string}"},"query-input":{"@type":"PropertyValueSpecification","valueRequired":true,"valueName":"search_term_string"}}],"inLanguage":"de"},{"@type":"Organization","@id":"http:\/\/www.leimueller-silvesterlauf.at\/#organization","name":"Leim\u00fcller Silvesterlauf","url":"http:\/\/www.leimueller-silvesterlauf.at\/","logo":{"@type":"ImageObject","inLanguage":"de","@id":"http:\/\/www.leimueller-silvesterlauf.at\/#\/schema\/logo\/image\/","url":"https:\/\/www.leimueller-silvesterlauf.at\/wp-content\/uploads\/2020\/01\/Logo_Leimueller_Racing_Team_150x150-1.gif","contentUrl":"https:\/\/www.leimueller-silvesterlauf.at\/wp-content\/uploads\/2020\/01\/Logo_Leimueller_Racing_Team_150x150-1.gif","width":150,"height":150,"caption":"Leim\u00fcller Silvesterlauf"},"image":{"@id":"http:\/\/www.leimueller-silvesterlauf.at\/#\/schema\/logo\/image\/"}}]}},"_links":{"self":[{"href":"https:\/\/www.leimueller-silvesterlauf.at\/index.php?rest_route=\/wp\/v2\/pages\/97","targetHints":{"allow":["GET"]}}],"collection":[{"href":"https:\/\/www.leimueller-silvesterlauf.at\/index.php?rest_route=\/wp\/v2\/pages"}],"about":[{"href":"https:\/\/www.leimueller-silvesterlauf.at\/index.php?rest_route=\/wp\/v2\/types\/page"}],"author":[{"embeddable":true,"href":"https:\/\/www.leimueller-silvesterlauf.at\/index.php?rest_route=\/wp\/v2\/users\/1"}],"replies":[{"embeddable":true,"href":"https:\/\/www.leimueller-silvesterlauf.at\/index.php?rest_route=%2Fwp%2Fv2%2Fcomments&post=97"}],"version-history":[{"count":20,"href":"https:\/\/www.leimueller-silvesterlauf.at\/index.php?rest_route=\/wp\/v2\/pages\/97\/revisions"}],"predecessor-version":[{"id":1194,"href":"https:\/\/www.leimueller-silvesterlauf.at\/index.php?rest_route=\/wp\/v2\/pages\/97\/revisions\/1194"}],"wp:attachment":[{"href":"https:\/\/www.leimueller-silvesterlauf.at\/index.php?rest_route=%2Fwp%2Fv2%2Fmedia&parent=97"}],"curies":[{"name":"wp","href":"https:\/\/api.w.org\/{rel}","templated":true}]}}